{"id":1091,"date":"2018-03-20T10:05:27","date_gmt":"2018-03-20T09:05:27","guid":{"rendered":"http:\/\/leichtbausymposium.de\/eng\/?page_id=1091"},"modified":"2018-03-20T10:58:31","modified_gmt":"2018-03-20T09:58:31","slug":"leichtbausymposium-2012","status":"publish","type":"page","link":"https:\/\/leichtbausymposium.de\/eng\/leichtbausymposium-2012\/","title":{"rendered":"Leichtbausymposium 2012"},"content":{"rendered":"[vc_row][vc_column]<div class=\"section-title \"><h3>16th International Dresden Lightweight Engineering Symposium<\/h3><p>June 14 -15, 2012<\/p><\/div>[vc_column_text]\r\n<h2 style=\"text-align: center;\">Lightweight systems engineering as a\r\nfactor for global market success<\/h2>\r\n<h2 style=\"text-align: center;\">\u2013 Internationalized networking of clusters of lightweight engineering excellence \u2013<\/h2>\r\n[\/vc_column_text][\/vc_column][vc_column width=&#8221;1\/2&#8243;][vc_column_text]\r\n<p align=\"justify\">The combination of increasing globalization and a highly differentiated rate of development from the perspective of both demographics and affluence around the world is creating an ever more complexly networked global society in which we must find and assert our position. In the case of industrial nations \u2013 and in particular export-based economies such as Germany\u2019s, which is also characterized by a high standard of living and an ageing population \u2013 this is set to become a central issue in a volatile competitive environment. The use of intelligent solutions to keep complexity in check and reap the associated rewards will therefore become the mark of a strong, competitive industrial society. In addition, sustainability and responsible resource strategies are required to ensure that resources are used efficiently to safeguard growth, quality of life and jobs.<\/p>\r\n<p align=\"justify\">Function-integrating lightweight engineering is a cross-sector approach to this challenge, and offers a number of special competitive advantages. The incorporation of all relevant material combinations and manufacturing processes \u2013 including recycling strategies \u2013 into the design-technological product concept is nevertheless required if success is to be achieved. Highly networked, goal-oriented strategic cooperation between industrial firms, service providers and research institutions is therefore a key prerequisite. In particular, even stronger ties between the natural sciences and engineering are required. The defintion of tie points and the establishment of strategic networks with greater production depth (i.e. partners from material to component level) and cooperation width (i.e. industrial firms, R&amp;D specialists and universities) are therefore set to continue to gain in importance.<\/p>\r\n[\/vc_column_text][\/vc_column][vc_column width=&#8221;1\/2&#8243;][vc_column_text]\r\n<p align=\"justify\">Networked, borderless thought and action will herald a paradigm shift in all areas of society, with innovation remaining a trend and driver which shapes our economy. As we all know, innovation begins in the mind. An individual who attempts to assess and provide solutions for complex international issues will quickly reach the limits of their ability and expertise. To overcome this hurdle, they need to blend local teamwork with concerted, responsible international cooperation in order to achieve the required level of efficiency.<\/p>\r\n<p align=\"justify\">Dresden \u2013 as a gateway to the East \u2013 and the Institute of Lightweight Engineering and Polymer Technology (ILK) at the TU Dresden were sensitized to this emerging necessity for cooperative networking and exchange \u2013 and in particular with our neighbour and partner country Poland \u2013 at an early stage.<\/p>\r\n<p align=\"justify\">The Dresden International Lightweight Symposium is the leading event of its kind for lightweight engineers, and will be held for the 16th time in 2012. Its main area of focus will be strategies for successful networking, with examples taken from a variety of sectors. On the one hand, the symposium provides a platform for the exchange of knowledge and experience between science, industry and politics. On the other, it remains an ideal opportunity for fruitful networking.<\/p>\r\n<p align=\"justify\">I would therefore like to join with our partner country Poland in inviting you to actively promote internationalized networking in your specialist fields and stride towards Europe\u2019s future with enthusiasm and success.<\/p>\r\n\r\n<address>Prof. Dr.-Ing. habil. Prof. E.h. Dr. h.c. Werner A. Hufenbach<\/address>[\/vc_column_text][\/vc_column][vc_column][vc_column_text]\r\n<h2 style=\"text-align: center;\">Programm 2012<\/h2>\r\n[\/vc_column_text][vc_tta_tabs active_section=&#8221;1&#8243; css=&#8221;.vc_custom_1521452666633{margin-bottom: 30px !important;}&#8221;][vc_tta_section title=&#8221;June 14th, 2012&#8243; tab_id=&#8221;1521126497356-c4d79f23-8a9d&#8221;][vc_column_text]<strong>Begleitende Fachausstellung und Posterschau in der Kunsthalle des art\u2019otel sowie am Leichtbau-Innovationszentrum des ILK\r\n<\/strong>\r\n09:00\u00a0 Altst\u00e4dt, V., Prof. Dr.; Sp\u00f6rrer, A., Dr.; M\u00fchlbacher, M., Dipl.-Ing.\r\nNeue Materialien Bayreuth GmbH\r\nULTRALITEC: Material- und Verfahrenstechnik\r\n<table border=\"0\" width=\"100%\">\r\n<tbody>\r\n<tr>\r\n<td align=\"left\" valign=\"top\" width=\"50\">09:30<\/td>\r\n<td align=\"left\" valign=\"top\"><strong>Hufenbach<\/strong>, W., Prof. Dr.\r\n<em>Direktor des Instituts f\u00fcr Leichtbau und Kunststofftechnik der TU Dresden<\/em>\r\nBegr\u00fc\u00dfung und Einf\u00fchrung<\/td>\r\n<\/tr>\r\n<tr>\r\n<td align=\"left\" valign=\"top\" width=\"50\">09:40<\/td>\r\n<td align=\"left\" valign=\"top\"><strong>M\u00fcller-Steinhagen<\/strong>, H., Prof. Dr. Dr.\r\n<em>Rektor der TU Dresden<\/em>\r\nGru\u00dfwort<\/td>\r\n<\/tr>\r\n<tr>\r\n<td align=\"left\" valign=\"top\" width=\"50\">09:50<\/td>\r\n<td align=\"left\" valign=\"top\"><strong>Hasenpflug<\/strong>, H., Dr.\r\n<em>S\u00e4chsisches Staatsministerium f\u00fcr Wissenschaft und Kunst<\/em>\r\nGru\u00dfwort<\/td>\r\n<\/tr>\r\n<tr>\r\n<td align=\"left\" valign=\"top\" width=\"50\">10:00<\/td>\r\n<td align=\"left\" valign=\"top\"><strong>Kurzyd\u0142owski<\/strong>, K., Prof.\r\n<em>Direktor des National Centre of Research and Development, Warschau, Polen<\/em>\r\nThe importance of regional cooperation in science and technology based on the initiatives undertaken by Saxony and Poland<\/td>\r\n<\/tr>\r\n<tr>\r\n<td align=\"left\" valign=\"top\" width=\"50\">10:30<\/td>\r\n<td align=\"left\" valign=\"top\"><strong>Parker<\/strong>*, R., Prof.; Wenger\u00b0, U. Dipl.-Ing.\r\n<em>* Rolls-Royce plc., Derby, England, Direktor Foschung &amp; Technologie<\/em>\r\n<em> \u00b0 Rolls-Royce Deutschland Ltd &amp; Co KG, Dahlewitz, Leiter Fan- und Verdichterentwicklung<\/em>\r\nRolls-Royce University Technology Centres (UTCs) \u2013 Ric Parker\u2019s concept of an international family of researchers<\/td>\r\n<\/tr>\r\n<tr>\r\n<td align=\"left\" valign=\"top\" width=\"50\">11:00<\/td>\r\n<td align=\"left\" valign=\"top\"><strong>Lin<\/strong>, S., Prof.Tongji Universit\u00e4t, Schanghai, China\r\n<em>Professur f\u00fcr Entwicklungsmethodik und Produktzuverl\u00e4ssigkeit<\/em>\r\nLeichtbauaktivit\u00e4ten des Chinesisch-Deutschen Hochschulkollegs in Schanghai f\u00fcr den Maschinen- und Fahrzeugbau<\/td>\r\n<\/tr>\r\n<tr>\r\n<td align=\"left\" valign=\"top\" width=\"50\">11:30<\/td>\r\n<td align=\"left\" valign=\"top\"><strong>Kolke<\/strong>, R., Dr.\r\n<em>ADAC e.V., Landsberg am Lech<\/em>\r\n<em> Leiter Test und Technik<\/em>\r\nInternationale Verbraucherschutztests \u2013 H\u00fcrde oder Chance f\u00fcr den Leichtbau?<\/td>\r\n<\/tr>\r\n<tr>\r\n<td align=\"left\" valign=\"top\" width=\"50\">12:00<\/td>\r\n<td align=\"left\" valign=\"top\"><strong>Claussen<\/strong>, P., Dr.\r\n<em>evolve! Systemische Prozess- und Organisationsberatung, Hemau<\/em>\r\nWenn Leichtbau schwer wird\u2026 Innovationen und ihre Etablierung in Organisationen. Ans\u00e4tze, Methoden, Vorgehensweisen.<\/td>\r\n<\/tr>\r\n<tr>\r\n<td align=\"left\" valign=\"top\" width=\"50\">12:30<\/td>\r\n<td align=\"left\" valign=\"top\">Mittagspause<\/td>\r\n<\/tr>\r\n<tr>\r\n<td align=\"left\" valign=\"top\" width=\"50\">13:30<\/td>\r\n<td align=\"left\" valign=\"top\"><strong>Weber<\/strong>, J., Dr.\r\n<em>BMW Group, M\u00fcnchen<\/em>\r\nInnovationsprojekte E-Mobilit\u00e4tDie Zukunft der nachhaltigen Mobilit\u00e4t<\/td>\r\n<\/tr>\r\n<tr>\r\n<td align=\"left\" valign=\"top\" width=\"50\">14:00<\/td>\r\n<td align=\"left\" valign=\"top\"><strong>Zellbeck<\/strong>, H., Prof. Dr.; Ro\u00df, T., Dr.\r\n<em>TU Dresden, Professur f\u00fcr Verbrennungsmotoren<\/em>\r\nLeichtbau und Effizienzsteigerung bei Verbrennungsmotoren<\/td>\r\n<\/tr>\r\n<tr>\r\n<td align=\"left\" valign=\"top\" width=\"50\">14:30<\/td>\r\n<td align=\"left\" valign=\"top\"><strong>Tietz<\/strong>, W., Dr.; W\u00f6rner, L., M. Sc.; Kellner, P., Dipl.-Ing.\r\n<em>Dr. Ing. h.c. F. Porsche AG, Weissach<\/em>\r\n<em>Karosserieentwicklung<\/em>\r\nPorsche Intelligent Material Concept \u2013 Leichtbaukonzepte der Zukunft<\/td>\r\n<\/tr>\r\n<tr>\r\n<td align=\"left\" valign=\"top\" width=\"50\">15:00<\/td>\r\n<td align=\"left\" valign=\"top\"><strong>Streitz<\/strong>, H., Dipl.-Ing.\r\n<em>M.Sc.Liebherr-Werk Nenzing GmbH<\/em>\r\nGesch\u00e4ftsf\u00fchrer TechnikInnovationen im Kranbau \u2013 Leichtbau: Der richtige Werkstoff an der richtigen Stelle<\/td>\r\n<\/tr>\r\n<tr>\r\n<td align=\"left\" valign=\"top\" width=\"50\">15:30<\/td>\r\n<td align=\"left\" valign=\"top\">Kaffeepause<\/td>\r\n<\/tr>\r\n<tr>\r\n<td align=\"left\" valign=\"top\" width=\"50\">16:00<\/td>\r\n<td align=\"left\" valign=\"top\"><strong>Keskin<\/strong>, A., Dr.\r\n<em>Rolls-Royce plc, Derby, England<\/em>\r\n<em> Design Systems Engineering<\/em>\r\nDas High-Fidelity Virtual Engine Projekt: Herausforderungen f\u00fcr Rolls-Royce und Partner<\/td>\r\n<\/tr>\r\n<tr>\r\n<td align=\"left\" valign=\"top\" width=\"50\">16:30<\/td>\r\n<td align=\"left\" valign=\"top\"><strong>Wisnom<\/strong>, M., Prof.; Di Maio, D., Dr.\r\n<em>Universit\u00e4t Bristol, England<\/em>\r\nAdvanced Composites Centre for Innovation and Science ACCISEngineering composites non-linearities for high fidelity structural dynamics<\/td>\r\n<\/tr>\r\n<tr>\r\n<td align=\"left\" valign=\"top\" width=\"50\">17:00<\/td>\r\n<td align=\"left\" valign=\"top\"><strong>Rokicki<\/strong>, J., Prof. Dr.\r\n<em>Technische Universit\u00e4t Warschau<\/em>\r\nDirektor des University Centre for Aerospace ResearchStrategy for the Polish aviation industry<\/td>\r\n<\/tr>\r\n<tr>\r\n<td align=\"left\" valign=\"top\" width=\"50\">17:30<\/td>\r\n<td align=\"left\" valign=\"top\"><strong>Wolf<\/strong>, K., Prof. Dr.\r\n<em>TU Dresden, Professur f\u00fcr Luftfahrzeugtechnik<\/em>\r\nMultifunktionale Strukturen f\u00fcr \u00f6koeffiziente Luftfahrzeuge<\/td>\r\n<\/tr>\r\n<tr>\r\n<td align=\"left\" valign=\"top\" width=\"50\">18:00<\/td>\r\n<td align=\"left\" valign=\"top\">Verleihung des Leichtbau-Absolventenpreisesdurch den Akademischen Club Leichtbau an der TU Dresden e.V.<\/td>\r\n<\/tr>\r\n<tr>\r\n<td align=\"left\" valign=\"top\" width=\"50\">18:35<\/td>\r\n<td align=\"left\" valign=\"top\">Ende der ersten Vortragsveranstaltung<\/td>\r\n<\/tr>\r\n<\/tbody>\r\n<\/table>\r\n[\/vc_column_text][\/vc_tta_section][vc_tta_section title=&#8221;June 15th, 2012&#8243; tab_id=&#8221;1521126497374-a1f0b77b-1249&#8243;][vc_column_text]\r\n<table border=\"0\" width=\"100%\">\r\n<tbody>\r\n<tr>\r\n<td align=\"left\" valign=\"top\" width=\"50\">08:30<\/td>\r\n<td align=\"left\" valign=\"top\"><strong>Michel<\/strong>, P., Dr.; Kind, F., Dr.; Meichsner, A., Dr.; Seidel, S., Dipl.-Ing.\r\n<em>REHAU AG + Co, Rehau<\/em>\r\n<em>Forschung &amp; Entwicklung Automotive<\/em>\r\nULTRALITEC \u2013 Hochleistungsleichtbau auf Basis thermoplastischer UD-Tapes: Produktions- und Produkttechnologie<\/td>\r\n<\/tr>\r\n<tr>\r\n<td align=\"left\" valign=\"top\" width=\"50\">09:30<\/td>\r\n<td align=\"left\" valign=\"top\"><strong>Lepper<\/strong>, M., Dr.; Berner, M., Dr.; Bochynek, R., Dipl.-Ing.; Renner, O., Dipl.-Ing.\r\n<em>Leichtbau-Zentrum Sachsen GmbH, Dresden<\/em>\r\nULTRALITEC: Strukturmechanik und Crashverhalten<\/td>\r\n<\/tr>\r\n<tr>\r\n<td align=\"left\" valign=\"top\" width=\"50\">10:00<\/td>\r\n<td align=\"left\" valign=\"top\">Kaffeepause<\/td>\r\n<\/tr>\r\n<tr>\r\n<td align=\"left\" valign=\"top\" width=\"50\">10:30<\/td>\r\n<td align=\"left\" valign=\"top\"><strong>Fettweis<\/strong>*, G. Prof. Dr.; Leo\u00b0, K., Prof. Dr.\r\n<em>* TU Dresden, Vodafone Stiftungsprofessur f\u00fcr Mobile Nachrichtensysteme<\/em>\r\n<em> \u00b0 Fraunhofer-Institut f\u00fcr Photonische Mikrosysteme IPMS, Dresden\r\n<\/em>Schl\u00fcsselelemente f\u00fcr intelligente Infrastruktur<\/td>\r\n<\/tr>\r\n<tr>\r\n<td align=\"left\" valign=\"top\" width=\"50\">11:00<\/td>\r\n<td align=\"left\" valign=\"top\"><strong>Eulitz<\/strong>*, K.-G., Prof. Dr.; Berner\u00b0, M., Dr.; Fuhrmann*, K., Dr.\r\n<em>* TU Dresden, Arbeitsgruppe Betriebsfestigkeit<\/em>\r\n<em> \u00b0 Leichtbau-Zentrum Sachsen GmbH, Dresden\r\n<\/em>Verbesserung der Lebensdauerberechnung als Leichtbaupotential betriebsfester Bauteile<\/td>\r\n<\/tr>\r\n<tr>\r\n<td align=\"left\" valign=\"top\" width=\"50\">11:30<\/td>\r\n<td align=\"left\" valign=\"top\"><strong>Rennert<\/strong>, R., Dr.\r\n<em>IMA Materialforschung und Anwendungstechnik GmbH, Dresden<\/em>\r\nRechnerischer Festigkeitsnachweis nach FKM-Richtlinie \u2013 aktuelle Entwicklungen<\/td>\r\n<\/tr>\r\n<tr>\r\n<td align=\"left\" valign=\"top\" width=\"50\">12:00<\/td>\r\n<td align=\"left\" valign=\"top\">Mittagspause<\/td>\r\n<\/tr>\r\n<tr>\r\n<td align=\"left\" valign=\"top\" width=\"50\">13:00<\/td>\r\n<td align=\"left\" valign=\"top\"><strong>Fuchs<\/strong>, H., Dr.\r\n<em>Martinrea Honsel Germany, Meschede<\/em>\r\nLeichtbau im Automobil mit komplexen Aluminium (Guss-) Bauteilen<\/td>\r\n<\/tr>\r\n<tr>\r\n<td align=\"left\" valign=\"top\" width=\"50\">13:30<\/td>\r\n<td align=\"left\" valign=\"top\"><strong>Sobczak<\/strong>, J., Prof. DSc. PhD. Eng.\r\n<em>Direktor des Gie\u00dferei-Forschungsinstituts, Krakau, Polen<\/em>\r\nRecent developments in cast light-weight metal matrix composites<\/td>\r\n<\/tr>\r\n<tr>\r\n<td align=\"left\" valign=\"top\" width=\"50\">14:00<\/td>\r\n<td align=\"left\" valign=\"top\"><strong>Zschech<\/strong>, E., Prof. Dr.\r\n<em>Fraunhofer-Institut f\u00fcr zerst\u00f6rungsfreie Pr\u00fcfverfahren, Dresden<\/em>\r\nLeichtbau mit Aluminium \u2013 Neue Legierungen mit optimiertem Werkstoffgef\u00fcge<\/td>\r\n<\/tr>\r\n<tr>\r\n<td align=\"left\" valign=\"top\" width=\"50\">14:30<\/td>\r\n<td align=\"left\" valign=\"top\"><strong>Lewandowska<\/strong>, M., Prof.\r\n<em>TU Warschau, Vize-Dekanin der Fakult\u00e4t f\u00fcr Materialwissenschaft und Ingenieurwesen<\/em>\r\nComposite materials \u2013 light and functional<\/td>\r\n<\/tr>\r\n<tr>\r\n<td align=\"left\" valign=\"top\" width=\"50\">15:00<\/td>\r\n<td align=\"left\" valign=\"top\">Kaffeepause<\/td>\r\n<\/tr>\r\n<tr>\r\n<td align=\"left\" valign=\"top\" width=\"50\">15:30<\/td>\r\n<td align=\"left\" valign=\"top\"><strong>Ulbricht<\/strong>, A., Dr.; Lepper, M., Dr.; Hufenbach, W., Prof. Dr.\r\n<em>Leichtbau-Zentrum Sachsen GmbH, Dresden<\/em>\r\nEntwicklung von Leichtbau-Hydraulikaktuatoren in innovativer Faserverbund-Metall-Mischbauweise<\/td>\r\n<\/tr>\r\n<tr>\r\n<td align=\"left\" valign=\"top\" width=\"50\">16:00<\/td>\r\n<td align=\"left\" valign=\"top\"><strong>Bledzki<\/strong>, A., Prof. Dr.\r\n<em>Westpommersche Technische Universit\u00e4t Stettin, Polen\r\n<\/em>Entwicklungstrends bei multifunktionalen Biocompositen<\/td>\r\n<\/tr>\r\n<tr>\r\n<td align=\"left\" valign=\"top\" width=\"50\">16:30<\/td>\r\n<td align=\"left\" valign=\"top\"><strong>Neinhuis<\/strong>, Ch., Prof. Dr.\r\n<em>TU Dresden, Professur f\u00fcr Botanik<\/em>\r\nZell- und Gewebedifferenzierung bei Pflanzen \u2013 eine Perspektive f\u00fcr biomimetische Materialien?<\/td>\r\n<\/tr>\r\n<tr>\r\n<td align=\"left\" valign=\"top\" width=\"50\">17:00<\/td>\r\n<td align=\"left\" valign=\"top\"><strong>Hufenbach<\/strong>, W., Prof. Dr.\r\nSchlusswort<\/td>\r\n<\/tr>\r\n<\/tbody>\r\n<\/table>\r\n[\/vc_column_text][\/vc_tta_section][vc_tta_section title=&#8221;Social programme 2012&#8243; tab_id=&#8221;1521126522592-e98c7d3b-97f8&#8243;][vc_column_text]\r\n<table border=\"0\" width=\"100%\" cellspacing=\"3\" cellpadding=\"0\">\r\n<tbody>\r\n<tr>\r\n<td colspan=\"2\" align=\"left\" valign=\"top\">\r\n<h4>Thursday 14 June 2012<\/h4>\r\n<\/td>\r\n<\/tr>\r\n<tr>\r\n<td align=\"left\" valign=\"top\" width=\"50\">14:00<\/td>\r\n<td>Visit of the Asisi Panometer Dresden: <a href=\"https:\/\/asisi.de\/en\/Panometer\/Rom312_neu\/Panoramaprojekt\/\" target=\"_blank\" rel=\"noopener\">\u201cRome 312\u201d<\/a><em>Starts at art\u2019otel<\/em><\/td>\r\n<\/tr>\r\n<tr>\r\n<td align=\"left\" valign=\"top\" width=\"50\">20:00<\/td>\r\n<td><strong>Evening event<\/strong> in the Leichtbau-Innovationszentrum (Lightweight Structures Innovation Centre, LIZ) of the ILK with the <a href=\"https:\/\/www.blue-wonder-jazzband.de\/\" target=\"_blank\" rel=\"noopener\">Blue Wonder Jazzband<\/a><em>D\u00fcrerstra\u00dfe 28<\/em><\/td>\r\n<\/tr>\r\n<tr>\r\n<td align=\"left\" valign=\"top\" width=\"50\">incl.\r\n21:00<\/td>\r\n<td><strong>Sobczak<\/strong>*, N., Prof. Dr.; <strong>Skarka<\/strong>\u00b0, W., Prof. Dr.<em>*Foundry Research Institute, Krakow, Poland\r\n\u00b0Silesian University of Technology, Gliwice, Poland<\/em>Opening of the exhibition<\/td>\r\n<\/tr>\r\n<\/tbody>\r\n<\/table>\r\n<table border=\"0\" width=\"100%\" cellspacing=\"3\" cellpadding=\"0\">\r\n<tbody>\r\n<tr>\r\n<td colspan=\"2\" align=\"left\" valign=\"top\">\r\n<h4>Friday 15 June 2012<\/h4>\r\n<\/td>\r\n<\/tr>\r\n<tr>\r\n<td colspan=\"2\" align=\"left\" valign=\"top\">Attention: Programme change allowing for a new exhibition.<\/td>\r\n<\/tr>\r\n<tr>\r\n<td align=\"left\" valign=\"top\" width=\"50\">10:00<\/td>\r\n<td>Visit of the <a href=\"https:\/\/www.skd.museum\/en\/museen-institutionen\/zwinger-mit-semperbau\/gemaeldegalerie-alte-meister\/\" target=\"_blank\" rel=\"noopener\">Gem\u00e4ldegalerie Alte Meister (Old Masters Picture Gallery)<\/a> with guided tour of the exhibition <a href=\"https:\/\/www.skd.museum\/en\/sonderausstellungen\/die-sixtinische-madonna-raffaels-kultbild-wird-500\/\" target=\"_blank\" rel=\"noopener\">\u201cThe Sistine Madonna \u2013 Raphael\u2019s iconic painting turns 500\u201d<\/a>. Afterwards lunchtime at the <a href=\"https:\/\/www.coselpalais-dresden.de\/en\/\" target=\"_blank\" rel=\"noopener\">Coselpalais<\/a> restaurant.<em>Treffpunkt: art\u2019otel<\/em><\/td>\r\n<\/tr>\r\n<\/tbody>\r\n<\/table>\r\n[\/vc_column_text][\/vc_tta_section][\/vc_tta_tabs][\/vc_column][\/vc_row]","protected":false},"excerpt":{"rendered":"<p>[vc_row][vc_column][vc_column_text] Lightweight systems engineering as a factor for global market success \u2013 Internationalized networking of clusters of lightweight engineering excellence \u2013 [\/vc_column_text][\/vc_column][vc_column width=&#8221;1\/2&#8243;][vc_column_text] The combination of increasing globalization and a highly differentiated rate of development from the perspective of both demographics and affluence around the world is creating an ever more complexly networked global society [&hellip;]<\/p>\n","protected":false},"author":2,"featured_media":0,"parent":0,"menu_order":0,"comment_status":"closed","ping_status":"closed","template":"","meta":{"footnotes":""},"_links":{"self":[{"href":"https:\/\/leichtbausymposium.de\/eng\/wp-json\/wp\/v2\/pages\/1091"}],"collection":[{"href":"https:\/\/leichtbausymposium.de\/eng\/wp-json\/wp\/v2\/pages"}],"about":[{"href":"https:\/\/leichtbausymposium.de\/eng\/wp-json\/wp\/v2\/types\/page"}],"author":[{"embeddable":true,"href":"https:\/\/leichtbausymposium.de\/eng\/wp-json\/wp\/v2\/users\/2"}],"replies":[{"embeddable":true,"href":"https:\/\/leichtbausymposium.de\/eng\/wp-json\/wp\/v2\/comments?post=1091"}],"version-history":[{"count":8,"href":"https:\/\/leichtbausymposium.de\/eng\/wp-json\/wp\/v2\/pages\/1091\/revisions"}],"predecessor-version":[{"id":1125,"href":"https:\/\/leichtbausymposium.de\/eng\/wp-json\/wp\/v2\/pages\/1091\/revisions\/1125"}],"wp:attachment":[{"href":"https:\/\/leichtbausymposium.de\/eng\/wp-json\/wp\/v2\/media?parent=1091"}],"curies":[{"name":"wp","href":"https:\/\/api.w.org\/{rel}","templated":true}]}}