{"id":1087,"date":"2018-03-20T09:58:30","date_gmt":"2018-03-20T08:58:30","guid":{"rendered":"http:\/\/leichtbausymposium.de\/eng\/?page_id=1087"},"modified":"2018-03-20T13:30:19","modified_gmt":"2018-03-20T12:30:19","slug":"leichtbausymposium-2015","status":"publish","type":"page","link":"https:\/\/leichtbausymposium.de\/eng\/leichtbausymposium-2015\/","title":{"rendered":"Leichtbausymposium 2015"},"content":{"rendered":"[vc_row][vc_column]<div class=\"section-title \"><h3>19th International Dresden Lightweight Engineering Symposium<\/h3><p>June 18 - 19, 2015<\/p><\/div>[vc_column_text]\r\n<h2 style=\"text-align: center;\">Systemleichtbau als Vorreiter f\u00fcr vernetzte Prozessketten \u2013 Zukunft hat, wer Zukunft schafft<\/h2>\r\n[\/vc_column_text][\/vc_column][vc_column width=&#8221;1\/2&#8243;][vc_column_text]Das vom Institut f\u00fcr Leichtbau und Kunststofftechnik (ILK) der Technischen Universit\u00e4t Dresden ausgerichtete Internationale Dresdner Leichtbausymposium ist die etablierte Diskussionsplattform f\u00fcr einen branchen- und produkt\u00fcbergreifenden Wissens- und Erfahrungstransfer zwischen Wissenschaft und Wirtschaft. Seit dem ersten Dresdner Leichtbausymposium im Jahre 1997 wird hier als durchg\u00e4ngiges Credo das inzwischen bei allen f\u00fchrenden Industrien angewandte Dresdner Modell eines \u201eFunktionsintegrativen Systemleichtbaus in Multi-Material-Design\u201c mit seiner inh\u00e4renten Material- und Energieeffizienz verfolgt.\r\n\r\nGlobal steht die rasant fortschreitende Digitalisierung und Vernetzung der realen und der virtuellen Welt im Fokus von Industrie und Forschung. Die oft noch jungen Prozessketten des modernen Leichtbaus bieten hier \u2013 nicht zuletzt durch die komplexen Herausforderungen der prozessimmanenten Verarbeitung verschiedener Werkstoffe und der Funktionsintegration \u2013 eine besondere Chance. Dabei darf nicht \u00fcbersehen werden, dass auch die Fabrik der Zukunft ein soziales System darstellt \u2013 mit dem Menschen im Mittelpunkt. D.h. es kommt auch auf die Akzeptanz, die Sinnhaftigkeit, die soziale Gerechtigkeit und den Nutzen f\u00fcr die Gesellschaft an. Nur eine soziotechnische Systembetrachtung wird hier nachhaltig zielf\u00fchrend sein.[\/vc_column_text][\/vc_column][vc_column width=&#8221;1\/2&#8243;][vc_column_text]Das diesj\u00e4hrige internationale Symposium fokussiert daher das Thema \u201eSystemleichtbau als Vorreiter f\u00fcr vernetzte Prozessketten \u2013 Zukunft hat, wer Zukunft schafft\u201c. Der Systemleichtbau auf Basis intelligent vernetzter Spitzentechnologien erschlie\u00dft eine nachhaltige Quelle f\u00fcr Wachstum, Arbeitspl\u00e4tze und Wohlstand. Dabei soll der etablierte, synergetische Branchentreff der Leichtbauer als Forum f\u00fcr richtungweisende Forschungs- und Entwicklungsaktivit\u00e4ten sowie neuartige, zukunftsf\u00e4hige Gesch\u00e4ftsfelder dienen. Wir k\u00f6nnen die Zukunft unseres Wirtschaftsstandortes selbst gestalten, indem wir die Chancen an der Schwelle zur vierten industriellen Revolution erkennen und uns einen globalen Wettbewerbsvorteil verschaffen.[\/vc_column_text][\/vc_column][vc_column][vc_column_text]\r\n<h2 style=\"text-align: center;\">Programme 2015<\/h2>\r\n[\/vc_column_text][vc_tta_tabs active_section=&#8221;1&#8243; css=&#8221;.vc_custom_1521188782536{margin-bottom: 30px !important;}&#8221;][vc_tta_section title=&#8221;June 18, 2015&#8243; tab_id=&#8221;1521126497356-c4d79f23-8a9d&#8221;][vc_column_text]\r\n<h4>09:00 &#8211; Begr\u00fc\u00dfung und Einf\u00fchrung<\/h4>\r\n<strong>Hufenbach, Werner, Prof. Dr.-Ing. habil. Prof. E.h. Dr. h.c.<\/strong>\r\nTechnische Universit\u00e4t Dresden, Institut f\u00fcr Leichtbau und Kunststofftechnik \u2013 ILK\r\n\r\n<hr \/>\r\n\r\n<h4>09:20 &#8211; Gru\u00dfwort<\/h4>\r\n<strong>M\u00fcller-Steinhagen, Hans, Prof. Dr.-Ing. habil. DEng\/Auckland Dr. h.c.\/Brno, Rektor<\/strong>\r\nTechnische Universit\u00e4t Dresden,\r\n\r\n<hr \/>\r\n\r\n<h4>09:30 &#8211; Gru\u00dfwort<\/h4>\r\n<strong>Jaeckel, Fritz, Dr.<\/strong>\r\nFreistaat Sachsen, Staatsminister und Chef der Staatskanzlei\r\n\r\n<hr \/>\r\n\r\n<h4>09:40 &#8211; Gru\u00dfwort<\/h4>\r\n<strong>Shi, Mingde<\/strong>\r\nVolksrepublik China, Botschafter der VR China in Deutschland\r\n\r\n<hr \/>\r\n\r\n<h4>09:50 Gru\u00dfwort aus China<\/h4>\r\n\r\n<hr \/>\r\n\r\n<h4>10:00 &#8211; Die Digitalisierung ver\u00e4ndert die industrielle Wertsch\u00f6pfung<\/h4>\r\n<strong>Huber, Anton; Quendt, Bernhard, Dr.-Ing.<\/strong>\r\nSiemens AG, Division Digital Factory, Chief Executive Officer\r\n\r\n<hr \/>\r\n\r\n<h4>10:30 &#8211; Nachhaltige Innovation<\/h4>\r\n<strong>Achatz, Reinhold, Dr.-Ing.<\/strong>\r\nthyssenkrupp AG, Head of Corporate Function Technology, Innovation &amp; Sustainability\r\n\r\n<hr \/>\r\n\r\n<h4>11:00 &#8211; Kaffeepause<\/h4>\r\n\r\n<hr \/>\r\n\r\n<h4>11:30 &#8211; Leichtbau f\u00fcr die Mobilit\u00e4t von Morgen<\/h4>\r\n<strong>Gutzmer, Peter, Prof. Dr.; Hosenfeldt, Tim, Prof. Dr.-Ing.<\/strong>\r\nSchaeffler AG, Stellvertretender Vorsitzender des Vorstands und Vorstand Technologie\r\n\r\n<hr \/>\r\n\r\n<h4>12:00 &#8211; Research on Application of Carbon Fiber Composite to Chinese High-speed EMUs<\/h4>\r\nDing, San-san; Tian, Ai-qin; Wang, Jian-jun; Teng, Le-tian, CRRC Qingdao Sifang Co., Ltd., VR China\r\n\r\n<hr \/>\r\n\r\n<h4>12:30 &#8211; Karosserie der Zukunft<\/h4>\r\n<strong>Kienzle, Stefan, Dr.-Ing.; Behr, Thomas, Dr.<\/strong>\r\nDaimler AG\r\n\r\n<hr \/>\r\n\r\n<h4>13:00 &#8211; Mittagspause<\/h4>\r\n\r\n<hr \/>\r\n\r\n<h4>14:00 &#8211; The present situation and development goal of automotive lightweight in BAIC Group<\/h4>\r\n<strong>Zhou, Rong<\/strong>\r\nBAIC Group, Beijing, VR China, Vice President\r\n\r\n<hr \/>\r\n\r\n<h4>14:30 &#8211; Krauss Maffei Composite Competence<\/h4>\r\n<strong>Fries, Erich<\/strong>\r\nKraussMaffei Technologies GmbH\r\n\r\n<hr \/>\r\n\r\n<h4>15:00 &#8211; Fahrzeuginnenr\u00e4ume der Zukunft, Herausforderungen f\u00fcr einen globalen Zulieferer<\/h4>\r\n<strong>Sczygiol, Wolfgang<\/strong>\r\nBrose Fahrzeugteile GmbH &amp; Co. KG, Vice President Business Development\r\n\r\n<hr \/>\r\n\r\n<h4>15:30 Kaffeepause<\/h4>\r\n\r\n<hr \/>\r\n\r\n<h4>16:00 &#8211; Herausforderungen f\u00fcr den urbanen Liefer- und Stadtverkehr \u2013 Leichtbaul\u00f6sungen und einsatzgerechte Materialwahl<\/h4>\r\n<strong>Ludanek, Harald, Dr.-Ing. Dr. h.c.; Sommer, Karsten<\/strong>\r\nVolkswagen AG, Entwicklungsvorstand der Marke Volkswagen Nutzfahrzeuge\r\n\r\n<hr \/>\r\n\r\n<h4>16:30 &#8211; Entwicklung einer neuartigen Pr\u00fcfmethode zur Charakterisierung der Erm\u00fcdungseigenschaften unidirektionaler faserverst\u00e4rkter Kunststoffe<\/h4>\r\nTost, Andr\u00e9; Ridzewski, Jens, Prof. Dr.-Ing.; Heinrich, Frank\r\nIMA Materialforschung und Anwendungstechnik GmbH, Senior Principal Engineer\r\n\r\n<hr \/>\r\n\r\n<h4>17:00 &#8211; E-Bike-Tragrahmenstrukturen in Thermoplastbauweise automatisiert gefertigt<\/h4>\r\n<strong>Quauck*, Daniel; \u00d6lschlegel*, Alexander, Dipl.-Ing. (FH); Storck+, Markus; Krahl#, Michael, Dr.-Ing.; Modler#, Niels, Prof. Dr.-Ing.<\/strong>\r\n*REHAU AG + CO, +Storck Bicycle GmbH, #Technische Universit\u00e4t Dresden \u2013 ILK\r\n\r\n<hr \/>\r\n\r\n<h4>17:30 &#8211; Verleihung des Leichtbau-Absolventenpreises durch den Akademischen Club Leichtbau an der TU Dresden e.V.<\/h4>\r\n\r\n<hr \/>\r\n\r\n<h4>19:30 Abendveranstaltung auf Schloss Albrechtsberg<\/h4>\r\n\r\n<hr \/>\r\n\r\n<h4>Begleitende Fachausstellung in der Wandelhalle des Deutschen Hygiene-Museums<\/h4>\r\n[\/vc_column_text][\/vc_tta_section][vc_tta_section title=&#8221;June19, 2015&#8243; tab_id=&#8221;1521126497374-a1f0b77b-1249&#8243;][vc_column_text]\r\n\r\n<hr \/>\r\n\r\n<h4>9:00 Uhr \u2013 Zusammenfassung 1. Tagungstag<\/h4>\r\n<strong>J\u00e4ger, Hubert, Prof. Dr. rer. nat.<\/strong>\r\nTechnische Universit\u00e4t Dresden, Vorstand des Instituts f\u00fcr Leichtbau und Kunststofftechnik, ILK\r\n\r\n<hr \/>\r\n\r\n<h4>09:00 &#8211; Ultrasonic beam model and automatic inspection on composite materials<\/h4>\r\n<strong>Lu*, Hao; Zhao+, Xinyu<\/strong>\r\n*CRRC Qingdao Sifang Co., Ltd., VR China\r\n+Dalian Jiaotong University, School of Materials Science and Engineering, VR China\r\n\r\n<hr \/>\r\n\r\n<h4>09:30 &#8211; Qualit\u00e4tssicherung entlang der CKF Wertsch\u00f6pfungskette \u2013 Pr\u00fcfung von Halbzeugen, Preforms und Bauteilen mit Hochfrequenz Wirbelstromverfahren<\/h4>\r\n<strong>Heuer*,+, H., Prof. Dr.-Ing.; Schulze*, M.; Pooch*, M.; G\u00e4bler*, S.<\/strong>\r\n* Fraunhofer-Institute for Ceramic Technology and Systems, Material Diagnostic, Dresden\r\n+Technische Universit\u00e4t Dresden, Institute of Electronic Packaging Technology, Sensor Systems for Non-Destructive Testing, Dresden\r\n\r\n<hr \/>\r\n\r\n<h4>10:00 &#8211; Development of low-cost high strength stainless steel for the frame of new energy bus<\/h4>\r\n<strong>Bi, Hongyun<\/strong>\r\nBaosteel Group, Shanghai, VR China\r\n\r\n<hr \/>\r\n\r\n<h4>10:30 &#8211; Kaffeepause<\/h4>\r\n\r\n<hr \/>\r\n\r\n<h4>11:00 &#8211; EnWheel\u00ae \u2013 Systemleichtbau f\u00fcr die stabile Energieversorgung<\/h4>\r\n<strong>Sonnen*, M.; Otremba*, F.; Berner+, M., Dr.-Ing.; Freund+, A., Dr.-Ing.; G\u00e4rtner+, R.; Just#, G.; Koch#, I., Dr.-Ing.; Gude#, M., Prof. Dr.-Ing.<\/strong>\r\n*Stornetic GmbH\r\n+ LZS GmbH\r\n# Technische Universit\u00e4t Dresden \u2013 ILK\r\n\r\n<hr \/>\r\n\r\n<h4>11:30 &#8211; Antriebssysteme f\u00fcr eine Welt im Wandel \u2013 Antworten eines Triebwerksherstellers auf das erwartete Mobilit\u00e4tswachstum<\/h4>\r\n<strong>He\u00dfler, Uwe, Dr.-Ing.<\/strong>\r\nRolls-Royce Deutschland Ltd &amp; Co KG\r\n\r\n<hr \/>\r\n\r\n<h4>12:00 &#8211; CFK-Serienfertigung im Automobilbau \u2013 Erfahrungen und zuk\u00fcnftige Herausforderungen<\/h4>\r\n<strong>Kopp, Jochen, Dr.<\/strong>\r\nBMW AG, Leiter Planung, Technologieentwicklung, Einkauf CFK\r\n\r\n<hr \/>\r\n\r\n<h4>12:30 &#8211; Mittagspause<\/h4>\r\n\r\n<hr \/>\r\n\r\n<h4>13:30 &#8211; Carbon Fasern \u2026. das Material f\u00fcr neueste Werkstoff-Systeme der Zukunft<\/h4>\r\n<strong>J\u00e4ger, Hubert, Prof. Dr. rer. nat.,<\/strong>\r\nTechnische Universit\u00e4t Dresden, ILK, Sprecher des Vorstands\r\n\r\n<hr \/>\r\n\r\n<h4>13:40 &#8211; Gru\u00dfwort<\/h4>\r\n<strong>Stange, Eva-Maria, Dr.<\/strong>\r\nS\u00e4chsische Staatsministerin f\u00fcr Wissenschaft und Kunst\r\n\r\n<hr \/>\r\n\r\n<h4>13:50 &#8211; Gru\u00dfwort<\/h4>\r\n<strong>Hauke, Tilo, Dr.,<\/strong>\r\nSGL Carbon GmbH, Leiter Konzerforschung \/ Head of Technology &amp; Innovation\r\n\r\n<hr \/>\r\n\r\n<h4>14:00 &#8211; Feierliche Einweihung des Laboratoriums des \u201eResearch Centers Carbon Fibers Saxony\u201c<\/h4>\r\n\r\n<hr \/>\r\n\r\n<h4>14:05 &#8211; Ma\u00dfgeschneiderte Carbonfasern \u2013 F&amp;E in Sachsen<\/h4>\r\n<strong>Hund, Rolf-Dieter, Dr rer. nat.; Kirsten, Martin, Dr. rer. nat.; Cherif, Chokri, Prof. Dr.-Ing. habil.<\/strong>\r\nTechnische Universit\u00e4t Dresden, Institut f\u00fcr Textilmaschinen und Textile Hochleistungswerkstofftechnik (ITM)\r\n\r\n<hr \/>\r\n\r\n<h4>14:30 &#8211; Innovative Werkstoffe f\u00fcr den Leichtbau<\/h4>\r\nFerkel, Hans, Prof. Dr.-Ing.; Hilfrich, Erik\r\nthyssenkrupp Steel Europe AG, Leiter Technologie und Innovation\r\n\r\n<hr \/>\r\n\r\n<h4>15:00 &#8211; Kaffeepause<\/h4>\r\n\r\n<hr \/>\r\n\r\n<h4>15:30 &#8211; Fliesslochformende Schrauben f\u00fcr Mischverbindungen im Leichtbau<\/h4>\r\n<strong>Weitzel, Stephan P.<\/strong>\r\nEJOT GmbH &amp; Co. KG, Gesch\u00e4ftsf\u00fchrer, Vice-President\r\n\r\n<hr \/>\r\n\r\n<h4>16:00 &#8211; Research on Composite Carbody Structure Technology for the Next Generation Metro Vehicles<\/h4>\r\n<strong>Deng, Xiaojun, Gai, Kejing, Wang, Wanjing<\/strong>\r\nCRRC Qingdao Sifang Co., Ltd., VR China\r\n\r\n<hr \/>\r\n\r\n<h4>16:30 &#8211; Analyse einer mechanisch beanspruchten Verbindungsstelle in einem Multi-Material-System<\/h4>\r\n<strong>Busch, Arne; Brandt, Robert, Prof. Dr.<\/strong>\r\nUniversit\u00e4t Siegen\r\n\r\n<hr \/>\r\n\r\n<h4>17:00 &#8211; Leichtbau mit langfaserverst\u00e4rkten Thermoplasten \u2013 Technologische Herausforderungen durch Faser-Matrix-Trennung<\/h4>\r\n<strong>Kuhn*, Christoph, M.Sc.; Kucinski*, William; T\u00e4ger*, Olaf, Dr.; Osswald+, Tim A., Prof.<\/strong>\r\n*Volkswagen AG\r\n+University of Wisconsin-Madison, USA\r\n\r\n<hr \/>\r\n\r\n<h4>17:30 &#8211; Schlusswort<\/h4>\r\n<strong>Hufenbach, Werner, Prof. Dr.-Ing. habil. Prof. E.h. Dr. h.c.<\/strong>\r\n\r\n<hr \/>\r\n\r\n<h4>18:00 &#8211; Dresdner Lange Nacht der Wissenschaften<\/h4>\r\nwww.wissenschaftsnacht-dresden.de[\/vc_column_text][\/vc_tta_section][vc_tta_section title=&#8221;Social events 2015&#8243; tab_id=&#8221;1521126522592-e98c7d3b-97f8&#8243;][vc_column_text]Ich bin ein Textblock. Klicken Sie auf den Bearbeiten Button um diesen Text zu \u00e4ndern. Lorem ipsum dolor sit amet, consectetur adipiscing elit. Ut elit tellus, luctus nec ullamcorper mattis, pulvinar dapibus leo.[\/vc_column_text][\/vc_tta_section][\/vc_tta_tabs][\/vc_column][\/vc_row][vc_row content_placement=&#8221;middle&#8221; opacity_bg_pattern=&#8221;0.1&#8243;][vc_column width=&#8221;5\/6&#8243; offset=&#8221;vc_col-lg-offset-1 vc_col-md-offset-1 vc_col-sm-offset-1&#8243;][vc_column_text]\r\n<h2 style=\"text-align: center;\">Tagungsort: Deutsches Hygiene-Museum Dresden<\/h2>\r\n[\/vc_column_text][vc_column_text]\r\n\r\n<div id=\"attachment_684\" style=\"width: 1034px\" class=\"wp-caption aligncenter\"><img loading=\"lazy\" decoding=\"async\" aria-describedby=\"caption-attachment-684\" class=\"wp-image-684 size-full\" src=\"https:\/\/leichtbausymposium.de\/deu\/wp-content\/uploads\/sites\/6\/2016\/11\/1024x303_panorama_hygiene.jpg\" alt=\"\" width=\"1024\" height=\"303\" srcset=\"https:\/\/leichtbausymposium.de\/eng\/wp-content\/uploads\/sites\/7\/2016\/11\/1024x303_panorama_hygiene.jpg 1024w, https:\/\/leichtbausymposium.de\/eng\/wp-content\/uploads\/sites\/7\/2016\/11\/1024x303_panorama_hygiene-300x89.jpg 300w, https:\/\/leichtbausymposium.de\/eng\/wp-content\/uploads\/sites\/7\/2016\/11\/1024x303_panorama_hygiene-768x227.jpg 768w\" sizes=\"(max-width: 1024px) 100vw, 1024px\" \/><p id=\"caption-attachment-684\" class=\"wp-caption-text\">\u00a9 Thomas Klewe<\/p><\/div>\r\n\r\nDie lebendige Atmosph\u00e4re eines europaweit bekannten Museums und die vielf\u00e4ltigen Raumangebote eines Architekturdenkmals der Klassischen Moderne bieten eine unverwechselbare Location f\u00fcr das 21. Internationale Dresdner Leichtbausymposium 2017. Die zentrale und doch ruhige Lage zwischen der Altstadt mit Frauenkirche, Zwinger und Semperoper und dem Gro\u00dfen Garten, der zentralen Parkanlage Dresdens, machen das Deutsche Hygiene-Museum zu einem ganz besonderen Ort. Die Gr\u00fcndung des Deutschen Hygiene-Museums (1912) geht zur\u00fcck auf eine Initiative des Dresdner Industriellen und Odol-Fabrikanten Karl August Lingner (1861-1916). Lingner hatte 1911 zu den Protagonisten der I. Internationalen Hygiene-Ausstellung geh\u00f6rt, zu der \u00fcber f\u00fcnf Millionen Besucher nach Dresden gekommen waren.[\/vc_column_text][\/vc_column][\/vc_row]","protected":false},"excerpt":{"rendered":"<p>[vc_row][vc_column][vc_column_text] Systemleichtbau als Vorreiter f\u00fcr vernetzte Prozessketten \u2013 Zukunft hat, wer Zukunft schafft [\/vc_column_text][\/vc_column][vc_column width=&#8221;1\/2&#8243;][vc_column_text]Das vom Institut f\u00fcr Leichtbau und Kunststofftechnik (ILK) der Technischen Universit\u00e4t Dresden ausgerichtete Internationale Dresdner Leichtbausymposium ist die etablierte Diskussionsplattform f\u00fcr einen branchen- und produkt\u00fcbergreifenden Wissens- und Erfahrungstransfer zwischen Wissenschaft und Wirtschaft. Seit dem ersten Dresdner Leichtbausymposium im Jahre 1997 wird [&hellip;]<\/p>\n","protected":false},"author":2,"featured_media":0,"parent":0,"menu_order":0,"comment_status":"closed","ping_status":"closed","template":"","meta":{"footnotes":""},"_links":{"self":[{"href":"https:\/\/leichtbausymposium.de\/eng\/wp-json\/wp\/v2\/pages\/1087"}],"collection":[{"href":"https:\/\/leichtbausymposium.de\/eng\/wp-json\/wp\/v2\/pages"}],"about":[{"href":"https:\/\/leichtbausymposium.de\/eng\/wp-json\/wp\/v2\/types\/page"}],"author":[{"embeddable":true,"href":"https:\/\/leichtbausymposium.de\/eng\/wp-json\/wp\/v2\/users\/2"}],"replies":[{"embeddable":true,"href":"https:\/\/leichtbausymposium.de\/eng\/wp-json\/wp\/v2\/comments?post=1087"}],"version-history":[{"count":4,"href":"https:\/\/leichtbausymposium.de\/eng\/wp-json\/wp\/v2\/pages\/1087\/revisions"}],"predecessor-version":[{"id":1137,"href":"https:\/\/leichtbausymposium.de\/eng\/wp-json\/wp\/v2\/pages\/1087\/revisions\/1137"}],"wp:attachment":[{"href":"https:\/\/leichtbausymposium.de\/eng\/wp-json\/wp\/v2\/media?parent=1087"}],"curies":[{"name":"wp","href":"https:\/\/api.w.org\/{rel}","templated":true}]}}