{"id":897,"date":"2017-05-10T14:34:19","date_gmt":"2017-05-10T12:34:19","guid":{"rendered":"http:\/\/leichtbausymposium.de\/deu\/?page_id=897"},"modified":"2017-05-10T14:51:55","modified_gmt":"2017-05-10T12:51:55","slug":"dr-robert-franke","status":"publish","type":"page","link":"https:\/\/leichtbausymposium.de\/deu\/dr-robert-franke\/","title":{"rendered":"Dr. Robert Franke"},"content":{"rendered":"[vc_row][vc_column width=&#8220;1\/2&#8243;][vc_single_image image=&#8220;894&#8243; img_size=&#8220;large&#8220;][\/vc_column][vc_column width=&#8220;1\/2&#8243;]<div class=\"about-title\">\n            <h3 class=\"h3-thin\">Dr. Robert Franke<\/h3>\n            <p class=\"p-lg\"><\/p>\n            <\/div>[vc_column_text]Dr. Robert Franke ist seit Oktober 2015 Leiter des Amtes f\u00fcr Wirtschaftsf\u00f6rderung der Landeshauptstadt Dresden. Nach seiner Promotion in Physik war er als Projektmanager bei der Heliatek GmbH, einem Hersteller organischer flexibler Solarfolien und weltweitem Technologief\u00fchrer im Bereich der organischen Photovoltaik, t\u00e4tig. Danach leitete er sechs Jahre die Dresdner Gesch\u00e4ftsstelle der VDI\/VDE Innovation + Technik GmbH, einem f\u00fchrenden Dienstleister f\u00fcr Fragen rund um Innovation und Technik. Zuletzt war er Gesch\u00e4ftsf\u00fchrer des Energy Saxony e.V., einem wirtschaftsorientierten Netzwerk, das darauf abzielt, die Wettbewerbsf\u00e4higkeit und die Exportst\u00e4rke der Unternehmen der s\u00e4chsischen Energiebranche auszubauen sowie die Leistungsf\u00e4higkeit der Forschung im Bereich Energie weiter zu st\u00e4rken. Er studierte Physik und Betriebswirtschaftslehre an der Technischen Universit\u00e4t Dresden.[\/vc_column_text][\/vc_column][\/vc_row]","protected":false},"excerpt":{"rendered":"<p>[vc_row][vc_column width=&#8220;1\/2&#8243;][vc_single_image image=&#8220;894&#8243; img_size=&#8220;large&#8220;][\/vc_column][vc_column width=&#8220;1\/2&#8243;][vc_column_text]Dr. Robert Franke ist seit Oktober 2015 Leiter des Amtes f\u00fcr Wirtschaftsf\u00f6rderung der Landeshauptstadt Dresden. Nach seiner Promotion in Physik war er als Projektmanager bei der Heliatek GmbH, einem Hersteller organischer flexibler Solarfolien und weltweitem Technologief\u00fchrer im Bereich der organischen Photovoltaik, t\u00e4tig. Danach leitete er sechs Jahre die Dresdner Gesch\u00e4ftsstelle der [&hellip;]<\/p>\n","protected":false},"author":2,"featured_media":0,"parent":0,"menu_order":0,"comment_status":"closed","ping_status":"closed","template":"","meta":{"footnotes":""},"_links":{"self":[{"href":"https:\/\/leichtbausymposium.de\/deu\/wp-json\/wp\/v2\/pages\/897"}],"collection":[{"href":"https:\/\/leichtbausymposium.de\/deu\/wp-json\/wp\/v2\/pages"}],"about":[{"href":"https:\/\/leichtbausymposium.de\/deu\/wp-json\/wp\/v2\/types\/page"}],"author":[{"embeddable":true,"href":"https:\/\/leichtbausymposium.de\/deu\/wp-json\/wp\/v2\/users\/2"}],"replies":[{"embeddable":true,"href":"https:\/\/leichtbausymposium.de\/deu\/wp-json\/wp\/v2\/comments?post=897"}],"version-history":[{"count":2,"href":"https:\/\/leichtbausymposium.de\/deu\/wp-json\/wp\/v2\/pages\/897\/revisions"}],"predecessor-version":[{"id":899,"href":"https:\/\/leichtbausymposium.de\/deu\/wp-json\/wp\/v2\/pages\/897\/revisions\/899"}],"wp:attachment":[{"href":"https:\/\/leichtbausymposium.de\/deu\/wp-json\/wp\/v2\/media?parent=897"}],"curies":[{"name":"wp","href":"https:\/\/api.w.org\/{rel}","templated":true}]}}