{"id":1169,"date":"2018-03-19T13:04:00","date_gmt":"2018-03-19T12:04:00","guid":{"rendered":"http:\/\/leichtbausymposium.de\/deu\/?page_id=1169"},"modified":"2018-03-20T10:02:12","modified_gmt":"2018-03-20T09:02:12","slug":"leichtbausymposium-2002","status":"publish","type":"page","link":"https:\/\/leichtbausymposium.de\/deu\/leichtbausymposium-2002\/","title":{"rendered":"Leichtbausymposium 2002"},"content":{"rendered":"[vc_row][vc_column]<div class=\"section-title \"><h3>06. Internationales Dresdner Leichtbausymposium<\/h3><p>13. bis 14. Juni 2002<\/p><\/div>[vc_column_text]\r\n<h2 style=\"text-align: center;\">Funktionsintegrative Leichtbaul\u00f6sungen\r\n\u2013 Chancen in Zukunftsm\u00e4rkten \u2013<\/h2>\r\n[\/vc_column_text][\/vc_column][vc_column width=&#8220;1\/2&#8243;][vc_column_text]Die wirtschaftliche Herausforderung der Sicherung und des Ausbaus\u00a0 zukunftstr\u00e4chtiger M\u00e4rkte erfordert eine weit gef\u00e4cherte, dichte Vernetzung von Industrieunternehmen, Dienstleistern und Forschungseinrichtungen sowie das Eingehen weltweiter strategischer Allianzen, etwa im Rahmen der erweiterten WTO. Am exportorientierten Hochtechnologiestandort Deutschland kommt dabei dem Leichtbau in seinen vielf\u00e4ltigen Facetten besondere Bedeutung zu.\r\n\r\nDiesem Anliegen sieht sich das Dresdner Leichtbausymposium mit seinem werkstoff- und produkt\u00fcbergreifenden Ansatz verpflichtet. Denn die vom <a href=\"https:\/\/www.tu-dresden.de\/mw\/ilk\/\">Institut f\u00fcr Leichtbau und Kunststofftechnik (ILK)<\/a> der <a href=\"https:\/\/www.tu-dresden.de\/\">Technischen Universit\u00e4t Dresden<\/a> seit 1997 j\u00e4hrlich ausgerichtete Veranstaltung hat sich inzwischen als Leichtbau-Branchentreff fest etabliert.\r\n\r\nMit dem diesj\u00e4hrigen Motto soll das besondere Potential funktionsintegrativer Leichtbaul\u00f6sungen als zukunftssichernde Basis bei der Entwicklung wettbewerbsf\u00e4higer Produkte, Verfahren und Dienstleistungen zur Erschlie\u00dfung neuer Marktsegmente herausgestellt werden.\r\n\r\nDie vielschichtigen, immer komplexeren Anforderungen insbesondere im Hochtechnologiebereich bedingen in zunehmendem Ma\u00dfe den Einsatz von Leichtbauprodukten in Mischbauweise. Dabei wird die Strategie verfolgt, neben einer Gewichtsoptimierung gleichzeitig auch die Integration mehrerer Funktionen vorzunehmen, was sich f\u00fcr den Anwender in einem besseren Kosten-Nutzen-Verh\u00e4ltnis niederschl\u00e4gt.\r\n\r\nDie Aussch\u00f6pfung des sich bietenden Leichtbaupotentials erfordert bei einer ganzheitlichen Betrachtung, alle relevanten Werkstoffkombinationen und Herstellungsverfahren bis hin zum Recycling in das konstruktiv-technologische Produktkonzept mit einzubeziehen. Die Umsetzung der Leichtbauprinzipien bei der Entwicklung neuer Produkte setzt neben der kreativen Idee insbesondere \u00fcbergreifende Kenntnis der gro\u00dfen Vielfalt moderner Konstruktions- und Funktionswerkstoffe mit dem ihnen eigenen Leichtbaupotential voraus. Dar\u00fcber hinaus sind einschl\u00e4gige Erfahrungen bei der Werkstoffmodellierung und Struktursimulation sowie bei der Umsetzung leistungsf\u00e4higer, hybridgerechter Fertigungs- und F\u00fcgeverfahren erforderlich.[\/vc_column_text][\/vc_column][vc_column width=&#8220;1\/2&#8243;][vc_column_text]Unter dem Druck des hohen Innovationstempos im globalen Wettbewerb und des damit verbundenen fortw\u00e4hrenden Strukturwandels in der Industrie gewinnt die Definition von Schnittstellen zwischen den Finalproduzenten und den Zulieferern als Systemanbieter zunehmend an Bedeutung. Die hierbei notwendige Ableitung vormontagef\u00e4higer Einheiten und Komponenten im Rahmen von Modul- bzw. Segmentkonzepten gr\u00fcndet sich ebenfalls auf die durchg\u00e4ngige Anwendung der Gestaltungsregeln funktionsorientierter Mischbauweisen.\r\n\r\nIm Rahmen des diesj\u00e4hrigen Symposiums werden sowohl ausgew\u00e4hlte funktionsintegrative Leichtbaul\u00f6sungen vorgestellt als auch zuk\u00fcnftige Trends hinsichtlich der Entwicklung innovativer Werkstoffe, Technologien und Bauweisen diskutiert. Durch diesen Erfahrungsaustausch soll das Netzwerk von Industrie und Forschung im Hinblick auf eine Verbesserung der Wettbewerbsf\u00e4higkeit und eine Weichenstellung zur Erschlie\u00dfung neuer Zukunftsm\u00e4rkte weiter ausgebaut werden. Hierzu bietet das Dresdner Symposium als fach\u00fcbergreifender Treff der Leichtbauer ein pr\u00e4destiniertes Forum.\r\n\r\n<address>Prof. Dr.-Ing. habil. Prof. E.h. Dr. h.c. Werner A. Hufenbach<\/address>[\/vc_column_text][\/vc_column][vc_column][vc_column_text]\r\n<h2 style=\"text-align: center;\">Programm 2003<\/h2>\r\n[\/vc_column_text][vc_tta_tabs active_section=&#8220;1&#8243; css=&#8220;.vc_custom_1521452666633{margin-bottom: 30px !important;}&#8220;][vc_tta_section title=&#8220;13. Juni 2002&#8243; tab_id=&#8220;1521126497356-c4d79f23-8a9d&#8220;][vc_column_text]\r\n<table width=\"100%\">\r\n<tbody>\r\n<tr valign=\"BASELINE\">\r\n<td valign=\"BASELINE\">10:00<\/td>\r\n<td valign=\"TOP\"><strong>Hufenbach<\/strong>, Werner, Prof. Dr.-Ing. habil.\r\n<em>Direktor des Instituts f\u00fcr Leichtbau und Kunststofftechnik der TU Dresden<\/em>\r\nBegr\u00fc\u00dfung und Einf\u00fchrung<\/td>\r\n<\/tr>\r\n<tr valign=\"TOP\">\r\n<td valign=\"BASELINE\">10:15<\/td>\r\n<td><strong>Mehlhorn<\/strong>, Achim, Prof. Dr.-Ing. habil.\r\n<em>Rektor der TU Dresden<\/em>\r\nGru\u00dfwort<\/td>\r\n<\/tr>\r\n<tr>\r\n<td valign=\"BASELINE\">10:25<\/td>\r\n<td><strong>Winterkorn*<\/strong>, Martin, Dr.; Ludanek\u00b0, Harald, Dr.-Ing.\r\n<em>* Mitglied des Vorstandes der Volkswagen AG, Vorsitzender des Vorstandes der AUDI AG<\/em>\r\n<em>\u00b0 Leiter Technische Entwicklung Skoda Auto a. s.<\/em>\r\nEntwicklung im Konzernverbund \u2013 Weltweite landesspezifische Fahrzeuganforderungen f\u00fcr Material und Funktionen<\/td>\r\n<\/tr>\r\n<tr valign=\"TOP\">\r\n<td valign=\"BASELINE\">11:00<\/td>\r\n<td><strong>Neumann<\/strong>, Peter, Prof. Dr.rer. nat.\r\n<em>Direktor des Max-Planck-Institutes f\u00fcr Eisenforschung, D\u00fcsseldorf<\/em>\r\nLeichtbaupotential unterschiedlicher Werkstoffe im Vergleich<\/td>\r\n<\/tr>\r\n<tr valign=\"TOP\">\r\n<td valign=\"BASELINE\">11:35<\/td>\r\n<td><strong>Str\u00e4ter<\/strong>, Bernd, Dr.; Dressler, G\u00fcnther, Dipl.-Ing.\r\n<em>Vorsitzender der Gesch\u00e4ftsf\u00fchrung der Zeppelin<\/em>\r\n<em> Luftschifftechnik GmbH, Friedrichshafen<\/em>\r\nNeue Strukturkonzeption eines Starrluftschiffes \u2013 der Zeppelin-NT<\/td>\r\n<\/tr>\r\n<tr>\r\n<td>12:10<\/td>\r\n<td>Mittagspause<\/td>\r\n<\/tr>\r\n<tr valign=\"TOP\">\r\n<td valign=\"BASELINE\">13:30<\/td>\r\n<td valign=\"TOP\"><strong>Haldenwanger<\/strong>, Hans-G\u00fcnther, Prof. Dr.-Ing.\r\n<em>AUDI AG, Ingolstadt<\/em>\r\n<em>Leiter Werkstoffe\/Verfahren\/Recycling<\/em>\r\nLeichtbau-Systematik \u2013 Simulation des Bauteilverhaltens \u00fcber gesicherte Werkstoffkennwerte<\/td>\r\n<\/tr>\r\n<tr valign=\"TOP\">\r\n<td valign=\"BASELINE\">13:55<\/td>\r\n<td><strong>R\u00e4ckers<\/strong>, Bernd, Dipl.-Ing.\r\n<em>Airbus Deutschland GmbH, Bremen<\/em>\r\n<em>Manager of Composites and Adhesives<\/em>\r\nA380 \u2013 Composite Anwendungen und Weiterentwicklungen<\/td>\r\n<\/tr>\r\n<tr valign=\"TOP\">\r\n<td valign=\"BASELINE\">14:20<\/td>\r\n<td><strong>Schneider<\/strong><sup>*<\/sup>, Christoph, Dr.-Ing.; Prange<sup>+<\/sup>, Wilfried, Dipl.-Ing., Koehr<sup>\u00d7<\/sup>, Robert, Dipl.-Ing.\r\n<em><sup>* <\/sup>Chairman des ULSAB-AVC Konsortiums<\/em>\r\n<em><sup>+ <\/sup>ThyssenKrupp Stahl AG, Duisburg, Hauptbereichsleiter Forschung, Zentrales Qualit\u00e4ts- und Pr\u00fcfwesen<\/em>\r\n<em><sup>\u00d7 <\/sup>Dr.-Ing. h. c. F. Porsche AG, Stuttgart<\/em>\r\nULSAB-AVC (Advanced Vehicle Concepts) \u2013 Ein stahlintensives Leichtbauprojekt<\/td>\r\n<\/tr>\r\n<tr valign=\"BASELINE\">\r\n<td valign=\"BASELINE\">14:50<\/td>\r\n<td><strong>Brune<\/strong>, Martin, Dr.-Ing.\r\n<em>BMW AG, M\u00fcnchen<\/em>\r\n<em>Vorentwicklung, Methoden, Berechnung<\/em>\r\nInnovative Leichtbaukonzepte im Automobilbau \u2013 Anwendungen und Zukunftstrends<\/td>\r\n<\/tr>\r\n<tr valign=\"TOP\">\r\n<td valign=\"BASELINE\">15:10<\/td>\r\n<td valign=\"TOP\"><strong>Klose<\/strong>, Peter, Dr.-Ing.\r\n<em>ThyssenKrupp Stahl AG, Duisburg<\/em>\r\n<em>Abteilungsdirektor Forschung, Zentrales Qualit\u00e4ts- und Pr\u00fcfwesen<\/em>\r\nDynamik mit Stahl \u2013 leicht und mobil in die Zukunft<\/td>\r\n<\/tr>\r\n<tr valign=\"TOP\">\r\n<td>15:35<\/td>\r\n<td>Kaffeepause<\/td>\r\n<\/tr>\r\n<tr valign=\"TOP\">\r\n<td valign=\"BASELINE\">16:05<\/td>\r\n<td valign=\"TOP\"><strong>Miller<\/strong>, Luitpold, Dipl.-Ing.\r\n<em>Gesch\u00e4ftsf\u00fchrer der ThyssenKrupp Automotive<\/em>\r\n<em> Mechatronics GmbH, Gesch\u00e4ftsf\u00fchrer der ThyssenKrupp Transrapid GmbH, M\u00fcnchen<\/em>\r\nFunktionsintegrative mechatronische Systeme f\u00fcr das Fahrwerk<\/td>\r\n<\/tr>\r\n<tr valign=\"TOP\">\r\n<td valign=\"BASELINE\">16:30<\/td>\r\n<td valign=\"TOP\"><strong>Durstberger<\/strong>, Heinz, Mag. Ing.\r\n<em>Mitglied des Vorstands der Trierenberg Holding AG, Traun (\u00d6sterreich)<\/em>\r\nFunktionsintegrierende Leichtbaul\u00f6sungen in der Elektrotechnik<\/td>\r\n<\/tr>\r\n<tr valign=\"TOP\">\r\n<td valign=\"BASELINE\">16:55<\/td>\r\n<td><strong>Kainer<\/strong>, Karl Ulrich, Prof. Dr.-Ing. habil.\r\n<em>GKSS Forschungszentrum Geesthacht GmbH<\/em>\r\n<em>Zentrum f\u00fcr Magnesiumtechnologie<\/em>\r\nEntwicklungstendenzen beim Einsatz von Magnesiumknetlegierungen in der Verkehrstechnik<\/td>\r\n<\/tr>\r\n<tr valign=\"TOP\">\r\n<td valign=\"BASELINE\">17:20<\/td>\r\n<td><strong>Kesel<\/strong>, Antonia, PD Dr. rer. nat.\r\n<em>Universit\u00e4t des Saarlandes<\/em>\r\n<em>Fachrichtung Technische Biologie und Bionik<\/em>\r\nHighTech Material und intelligentes Design: Innovationspotential aus dem Reich der Insekten<\/td>\r\n<\/tr>\r\n<\/tbody>\r\n<\/table>\r\n[\/vc_column_text][\/vc_tta_section][vc_tta_section title=&#8220;14. Juni 2002&#8243; tab_id=&#8220;1521126497374-a1f0b77b-1249&#8243;][vc_column_text]\r\n<table width=\"100%\">\r\n<tbody>\r\n<tr valign=\"BASELINE\">\r\n<td valign=\"BASELINE\">09:00<\/td>\r\n<td><strong>Gorges<\/strong>, Dirk, Dipl.-Wirtsch.-Ing.\r\n<em>Interglas Technologies AG, Erbach<\/em>\r\n<em>Spartenleiter Industrial Applications and Composites<\/em>\r\nWerkstoffkombinationen im Membranbau \u2013 Visionen der textilen Architektur<\/td>\r\n<\/tr>\r\n<tr valign=\"BASELINE\">\r\n<td valign=\"BASELINE\">09:25<\/td>\r\n<td valign=\"TOP\"><strong>Maurer<\/strong>, Thomas Dipl.-Ing.\r\n<em>FS Composites GmbH &amp; Co. KG, Laudenbach<\/em>\r\nProduktionssteigerung durch Leichtbau in der Bahnwarenverarbeitung<\/td>\r\n<\/tr>\r\n<tr valign=\"TOP\">\r\n<td valign=\"BASELINE\">09:50<\/td>\r\n<td valign=\"BASELINE\"><strong>Gries<\/strong>, Thomas, Prof. Dr.-Ing.;\r\n<em>Veihelmann, Bernd, Dipl.-Ing.Direktor des Instituts f\u00fcr Textiltechnik der RWTH Aachen<\/em>\r\nPotentiale innovativer Flechtverfahren f\u00fcr den Leichtbau<\/td>\r\n<\/tr>\r\n<tr valign=\"BASELINE\">\r\n<td valign=\"BASELINE\">10:15<\/td>\r\n<td>Kaffeepause<\/td>\r\n<\/tr>\r\n<tr valign=\"TOP\">\r\n<td>10:45<\/td>\r\n<td><strong>Hufenbach<\/strong>, Werner, Prof. Dr.-Ing. habil.; Kroll, Lothar, Dr.-Ing.\r\n<em>Institut f\u00fcr Leichtbau und Kunststofftechnik der TU Dresden<\/em>\r\nNeue Leichtbaul\u00f6sungen durch kraftflussgerechte textile Verst\u00e4rkungen<\/td>\r\n<\/tr>\r\n<tr valign=\"TOP\">\r\n<td valign=\"BASELINE\">11:10<\/td>\r\n<td><strong>Starlinger<sup>*<\/sup><\/strong>, Alois, Dr.; Wieschermann<sup>+<\/sup>, Jochen, Dipl.-Ing.\r\n<em>Alcan Alesa Engineering Ltd, Alcan Mass Transportation Systems, Z\u00fcrich<\/em>\r\n<em><sup>* <\/sup>Leiter Berechnung und Versuche<\/em>\r\n<em><sup>+ <\/sup>Leiter Technik<\/em>\r\n\u00dcber den Einsatz von Hybridbauweisen im modernen Schienenfahrzeug- und Busbau<\/td>\r\n<\/tr>\r\n<tr valign=\"TOP\">\r\n<td valign=\"BASELINE\">11:35<\/td>\r\n<td><strong>Guth<\/strong>, Wolfgang, Dr.-Ing.\r\n<em>Vice President Produkt- und Prozessentwicklung, Norsk<\/em>\r\n<em> Hydro Automotive Structures der Norsk Hydro Deutschland GmbH, Heidelberg<\/em>\r\nAluminium-Leichtbaukonzepte im Automobilbau<\/td>\r\n<\/tr>\r\n<tr valign=\"TOP\">\r\n<td valign=\"BASELINE\">12:00<\/td>\r\n<td>Mittagspause<\/td>\r\n<\/tr>\r\n<tr valign=\"TOP\">\r\n<td>13:30<\/td>\r\n<td valign=\"TOP\"><strong>Haberling<\/strong>, Christoph, Dipl.-Ing.; Haldenwanger, Hans-G\u00fcnther, Prof. Dr.-Ing.\r\n<em>AUDI AG Ingolstadt<\/em>\r\n<em>Werkstoffe \/ Verfahren \/ Recycling<\/em>\r\nFunktioneller Leichtbau mit Struktursch\u00e4umen f\u00fcr moderne Fahrzeugkarosseriekonzepte<\/td>\r\n<\/tr>\r\n<tr valign=\"BASELINE\">\r\n<td valign=\"BASELINE\">13:55<\/td>\r\n<td><strong>Feindt<\/strong><sup>*<\/sup>, Jens-Arend, Dr.-Ing.; Sielaff<sup>+<\/sup>, J\u00fcrgen, Dipl.-Ing.; Brem<sup>+<\/sup>, Erich, Dipl.-Ing.; Steinh\u00f6fer<sup>*<\/sup>, Detlef, Dipl.-Ing.\r\n<em><sup>* <\/sup>Thyssen Umformtechnik + Guss GmbH, Brackwede<\/em>\r\n<em><sup>+ <\/sup>BMW AG, M\u00fcnchen<\/em>\r\nKarosserieleichtbau unter Einsatz von ultra-hochfesten Stahlwerkstoffen bei steigenden Anforderungen an die Crashsicherheit<\/td>\r\n<\/tr>\r\n<tr valign=\"BASELINE\">\r\n<td valign=\"BASELINE\">14:20<\/td>\r\n<td><strong>Bobbert<\/strong>, Stefan, Dr.-Ing.; Roll, Karl, Prof. Dr.-Ing.\r\n<em>DaimlerChrysler AG, Sindelfingen<\/em>\r\n<em>Produktionsplanung<\/em>\r\nPotentiale und Anwendungsm\u00f6glichkeiten der Hydroumformung von Blechen im Automobilbereich<\/td>\r\n<\/tr>\r\n<tr valign=\"TOP\">\r\n<td>14:45<\/td>\r\n<td>Kaffeepause<\/td>\r\n<\/tr>\r\n<tr valign=\"TOP\">\r\n<td valign=\"BASELINE\">15:15<\/td>\r\n<td valign=\"TOP\"><strong>Behr<\/strong>, Friedrich, Prof. Dr.-Ing.; Neumann, G\u00fcnter; N\u00f6lleke, Stefan, Dipl.-Ing.; Sch\u00e4fer, Ansgar, Dipl.-Ing.\r\n<em>Gesch\u00e4ftsf\u00fchrer der Thyssen Lasertechnik GmbH, Aachen<\/em>\r\nKonturschneiden und -schwei\u00dfen mit Knickarmrobotern<\/td>\r\n<\/tr>\r\n<tr>\r\n<td valign=\"BASELINE\">15:40<\/td>\r\n<td valign=\"TOP\"><strong>Schroeder<\/strong>, Matthias, Dipl.-Ing.\r\n<em>DaimlerChrysler AG, Hamburg<\/em>\r\n<em>Vorentwicklung und Berechnung<\/em>\r\nHydroformtechnik \u2013 ein Fertigungsverfahren pr\u00e4destiniert f\u00fcr den Leichtbau<\/td>\r\n<\/tr>\r\n<tr valign=\"TOP\">\r\n<td valign=\"BASELINE\">16:05<\/td>\r\n<td><strong>Wendt<\/strong>, Florian, Dr.-Ing.; W\u00fcnsche, Ray, Dipl.-Ing.\r\n<em>Gesch\u00e4ftsf\u00fchrer der ACTech GmbH, Freiberg<\/em>\r\nDer Beitrag des Rapid Prototyping von Gussteilen zur Entwicklung von Leichtbaustrukturen im Automobilbau<\/td>\r\n<\/tr>\r\n<tr valign=\"TOP\">\r\n<td valign=\"BASELINE\">16:30<\/td>\r\n<td><strong>Hufenbach<\/strong>, Werner, Prof. Dr.-Ing. habil.\r\nSchlusswort<\/td>\r\n<\/tr>\r\n<\/tbody>\r\n<\/table>\r\n[\/vc_column_text][\/vc_tta_section][vc_tta_section title=&#8220;Rahmenprogramm 2002&#8243; tab_id=&#8220;1521126522592-e98c7d3b-97f8&#8243;][vc_column_text]\r\n<table width=\"100%\" cellpadding=\"5\">\r\n<tbody>\r\n<tr valign=\"BASELINE\">\r\n<td>\r\n<h4>Abendveranstaltungen<\/h4>\r\n<\/td>\r\n<\/tr>\r\n<tr valign=\"BASELINE\">\r\n<td>Mittwoch, 12.06.2002\r\n19:00 Uhr<\/td>\r\n<td>Begr\u00fc\u00dfungsempfang\r\nInstitut f\u00fcrLeichtbau und Kunststofftechnik\r\nHolbeinstr. 3<\/td>\r\n<\/tr>\r\n<tr>\r\n<td valign=\"TOP\">Donnerstag, 13.06.2002\r\n19:30 Uhr<\/td>\r\n<td>Abendveranstaltung auf dem <a href=\"https:\/\/www.saechsische-dampfschiffahrt.de\/\">historischen Raddampfer<\/a> <a href=\"https:\/\/www.saechsische-dampfschiffahrt.de\/html\/flottemodelle.htm\">\u201eLeipzig\u201c<\/a>\r\nmit der <a href=\"https:\/\/www.blue-wonder-jazzband.de\/\">Blue Wonder Jazzband<\/a>\r\nSchiffsanleger am Terrassenufer<\/td>\r\n<\/tr>\r\n<tr valign=\"BASELINE\">\r\n<td>Freitag, 14.06.2002\r\n17:00 Uhr<\/td>\r\n<td>F\u00fchrung durch das im Wiederaufbau befindliche <a href=\"https:\/\/www.intermobil.org\/doris\/net\/stin\/stin_anzeige.xml?kla=stin_sigh_burg&amp;bst=&amp;OID=3106\">Dresdner Schloss<\/a>\r\nSchlossplatz<\/td>\r\n<\/tr>\r\n<tr valign=\"BASELINE\">\r\n<td>\r\n<h4>Begleitprogramm<\/h4>\r\n<\/td>\r\n<\/tr>\r\n<tr valign=\"BASELINE\">\r\n<td>Donnerstag, 13.06.2002\r\n13:30 Uhr<\/td>\r\n<td>F\u00fchrung durch das historische Dresden rund um die freiger\u00fcstete Frauenkirche\r\nTreffpunkt: art\u2019otel<\/td>\r\n<\/tr>\r\n<tr valign=\"BASELINE\">\r\n<td>Freitag, 14.06.2002\r\n09:30 Uhr<\/td>\r\n<td>Tagesausflug \u201eS\u00e4chsischer Wein\u201c\r\nAtelierbesuch beim Holzbildhauer Lothar Sell, Mei\u00dfen und Besuch des <a href=\"https:\/\/www.schloss-proschwitz.de\/\">Weingutes Schloss Proschwitz\r\n<\/a> F\u00fchrung durch Dr. Georg Prinz zur Lippe\r\nTreffpunkt: art\u2019otel,\r\nKostenbeitrag: 20,00 EUR\/Person inkl. Weinverkostung<\/td>\r\n<\/tr>\r\n<tr>\r\n<td valign=\"TOP\">Samstag, 15.06.2002\r\n08:00 Uhr<\/td>\r\n<td valign=\"TOP\">Tagesausflug <a href=\"https:\/\/www.bautzen.de\/\">\u201e1000 Jahre Bautzen\/Budysin\u201c<\/a>\r\nmit F\u00fchrung durch das historische Stadtzentrum und Besichtigung der traditionsreichen <a href=\"https:\/\/www.euleorgelbau.de\/\">Orgelbaufirma Hermann Eule<\/a> (R\u00fcckkehr ca. 16:00 Uhr)\r\nTreffpunkt: art\u2019otel, Kostenbeitrag: 20,00 EUR\/Person<\/td>\r\n<\/tr>\r\n<\/tbody>\r\n<\/table>\r\n[\/vc_column_text][\/vc_tta_section][\/vc_tta_tabs][\/vc_column][\/vc_row]","protected":false},"excerpt":{"rendered":"<p>[vc_row][vc_column][vc_column_text] Funktionsintegrative Leichtbaul\u00f6sungen \u2013 Chancen in Zukunftsm\u00e4rkten \u2013 [\/vc_column_text][\/vc_column][vc_column width=&#8220;1\/2&#8243;][vc_column_text]Die wirtschaftliche Herausforderung der Sicherung und des Ausbaus\u00a0 zukunftstr\u00e4chtiger M\u00e4rkte erfordert eine weit gef\u00e4cherte, dichte Vernetzung von Industrieunternehmen, Dienstleistern und Forschungseinrichtungen sowie das Eingehen weltweiter strategischer Allianzen, etwa im Rahmen der erweiterten WTO. Am exportorientierten Hochtechnologiestandort Deutschland kommt dabei dem Leichtbau in seinen vielf\u00e4ltigen Facetten besondere [&hellip;]<\/p>\n","protected":false},"author":4,"featured_media":0,"parent":0,"menu_order":0,"comment_status":"closed","ping_status":"closed","template":"","meta":{"footnotes":""},"_links":{"self":[{"href":"https:\/\/leichtbausymposium.de\/deu\/wp-json\/wp\/v2\/pages\/1169"}],"collection":[{"href":"https:\/\/leichtbausymposium.de\/deu\/wp-json\/wp\/v2\/pages"}],"about":[{"href":"https:\/\/leichtbausymposium.de\/deu\/wp-json\/wp\/v2\/types\/page"}],"author":[{"embeddable":true,"href":"https:\/\/leichtbausymposium.de\/deu\/wp-json\/wp\/v2\/users\/4"}],"replies":[{"embeddable":true,"href":"https:\/\/leichtbausymposium.de\/deu\/wp-json\/wp\/v2\/comments?post=1169"}],"version-history":[{"count":2,"href":"https:\/\/leichtbausymposium.de\/deu\/wp-json\/wp\/v2\/pages\/1169\/revisions"}],"predecessor-version":[{"id":1216,"href":"https:\/\/leichtbausymposium.de\/deu\/wp-json\/wp\/v2\/pages\/1169\/revisions\/1216"}],"wp:attachment":[{"href":"https:\/\/leichtbausymposium.de\/deu\/wp-json\/wp\/v2\/media?parent=1169"}],"curies":[{"name":"wp","href":"https:\/\/api.w.org\/{rel}","templated":true}]}}