{"id":1165,"date":"2018-03-19T12:07:21","date_gmt":"2018-03-19T11:07:21","guid":{"rendered":"http:\/\/leichtbausymposium.de\/deu\/?page_id=1165"},"modified":"2018-03-20T10:02:22","modified_gmt":"2018-03-20T09:02:22","slug":"leichtbausymposium-2003","status":"publish","type":"page","link":"https:\/\/leichtbausymposium.de\/deu\/leichtbausymposium-2003\/","title":{"rendered":"Leichtbausymposium 2003"},"content":{"rendered":"[vc_row][vc_column]<div class=\"section-title \"><h3>07. Internationales Dresdner Leichtbausymposium<\/h3><p>26. bis 27. Juni 2003<\/p><\/div>[vc_column_text]\r\n<h2 style=\"text-align: center;\">Interaktionsfeld Leichtbau\r\n\u2013 Effizienzsteigerung durch dichtere Vernetzung \u2013<\/h2>\r\n[\/vc_column_text][\/vc_column][vc_column width=&#8220;1\/2&#8243;][vc_column_text]Die gegenw\u00e4rtige weltwirtschaftliche Situation erhellt in besonderer Weise, dass bei rohstoffarmen L\u00e4ndern wie Deutschland der Wohlstand der Gesellschaft sich im Wesentlichen auf den Fortschritt durch best\u00e4ndige Innovationen gr\u00fcndet. Dieser permanente Innovationszwang gilt durchg\u00e4ngig f\u00fcr Produkte, Verfahren und Dienstleistungen und vollzieht sich in einem hochdynamischen Wettbewerbsprozess. Besondere Vorteile und Chancen bieten sich dabei im Bereich des Leichtbaus, da intelligente Leichtbaul\u00f6sungen in der Regel keine Katalogl\u00f6sungen sind, sondern Individuall\u00f6sungen mit spezifischem Know-how. Mit diesem Wettbewerbsvorsprung sowie flankierenden wirtschaftspolitischen Ma\u00dfnahmen l\u00e4sst sich nachhaltig Wachstum aufbauen.\r\n\r\nErhebliches Zukunftspotential besitzen multidisziplin\u00e4re Leichtbaul\u00f6sungen auch aufgrund ihrer komplexen Interaktionen und Vernetzungen hinsichtlich Breite und Tiefe. So ist f\u00fcr einen erfolgreich umgesetzten Leichtbau sowohl eine dichte horizontale Vernetzung von Kompetenzpartnern aus Industrie, Dienstleistern und Hochschulen als auch eine vertikale Vernetzung vom Werkstoff entlang der gesamten Prozesskette bis hin zum marktf\u00e4higen Produkt zwingend erforderlich. Dabei gewinnt die Definition von Verkn\u00fcpfungspunkten im Sinne einer strategischen Vernetzung unter dem Druck des fortw\u00e4hrenden industriellen Strukturwandels zunehmend an Bedeutung.\r\n\r\nDiesem Anliegen sieht sich das Dresdner Leichtbausymposium mit seinem werkstoff- und produkt\u00fcbergreifenden Ansatz verpflichtet. Denn die vom <a href=\"https:\/\/www.tu-dresden.de\/mw\/ilk\/\">Institut f\u00fcr Leichtbau und Kunststofftechnik (ILK)<\/a> der <a href=\"https:\/\/www.tu-dresden.de\/\">Technischen Universit\u00e4t Dresden<\/a> seit 1997 j\u00e4hrlich ausgerichtete Veranstaltung mit ihrem unverwechselbaren Profil hat sich als Leichtbau-Branchentreff fest etabliert. Mit dem diesj\u00e4hrigen Motto sollen die Interaktionen bei der Entwicklung wettbewerbsf\u00e4higer Leichtbauprodukte, -verfahren und -dienstleistungen in ihrer Vielschichtigkeit sowie ihrer gezielten\r\nBeeinflussbarkeit aufgezeigt werden.[\/vc_column_text][\/vc_column][vc_column width=&#8220;1\/2&#8243;][vc_column_text]Die Umsetzung der Leichtbauprinzipien bei der Entwicklung neuer Produkte setzt neben der kreativen Idee insbesondere \u00fcbergreifende Kenntnisse der gro\u00dfen Vielfalt moderner Konstruktions- und Funktionswerkstoffe mit dem ihnen eigenen Leichtbaupotential voraus. Dar\u00fcber hinaus sind einschl\u00e4gige Erfahrungen bei der Werkstoffmodellierung und Struktursimulation sowie bei der Umsetzung leistungsf\u00e4higer Fertigungs- und F\u00fcgeverfahren erforderlich.\r\n\r\nDas Netzwerk von Industrie und Forschung soll im Hinblick auf eine Verbesserung der Wettbewerbsf\u00e4higkeit und eine Weichenstellung zur Erschlie\u00dfung neuer Zukunftsm\u00e4rkte durch diesen Erfahrungsaustausch st\u00e4rker verkn\u00fcpft und weiter ausgebaut werden. Dabei wird es notwendig sein, dass wir uns von obsolet und ineffizient gewordenen Produktionswegen, Dienstleistungen und Ideen verabschieden, um mit Leichtbau-Systeml\u00f6sungen \u201eon demand\u201c schneller, besser und kosteng\u00fcnstiger zu sein. Modernen Leichtbauentwicklungen f\u00e4llt somit auf zukunftsweisenden Industriefeldern eine Schl\u00fcsselfunktion zu.\r\n\r\nIm Rahmen des unter Beteiligung von <a href=\"https:\/\/www.mfd-dresden.de\/\">Materialforschungsverbund Dresden e. V. (MFD)<\/a>, <a href=\"https:\/\/www.stahlforschung.de\/\">Studiengesellschaft Stahlanwendung e. V.<\/a> sowie <a href=\"https:\/\/www.vdi.de\/kunst\/\">VDI-Gesellschaft Kunststofftechnik (VDI-K)<\/a> veranstalteten diesj\u00e4hrigen Symposiums werden von ausgewiesenen Fachleuten sowohl Interaktionen zur Realisierung ausgew\u00e4hlter funktionsintegrativer Leichtbaul\u00f6sungen vorgestellt als auch zuk\u00fcnftige Trends hinsichtlich der Entwicklung innovativer Werkstoffe, Technologien und Bauweisen diskutiert. Hierzu bietet das Dresdner Symposium als branchen\u00fcbergreifender Treff der Leichtbauer ein pr\u00e4destiniertes Forum.\r\n\r\n<address>Prof. Dr.-Ing. habil. Prof. E.h. Dr. h.c. Werner A. Hufenbach<\/address>[\/vc_column_text][\/vc_column][vc_column][vc_column_text]\r\n<h2 style=\"text-align: center;\">Programm 2003<\/h2>\r\n[\/vc_column_text][vc_tta_tabs active_section=&#8220;1&#8243; css=&#8220;.vc_custom_1521452666633{margin-bottom: 30px !important;}&#8220;][vc_tta_section title=&#8220;26. Juni 2003&#8243; tab_id=&#8220;1521126497356-c4d79f23-8a9d&#8220;][vc_column_text]\r\n<table width=\"100%\">\r\n<tbody>\r\n<tr valign=\"BASELINE\">\r\n<td valign=\"BASELINE\">10:00<\/td>\r\n<td valign=\"TOP\"><strong>Hufenbach<\/strong>, Werner, Prof. Dr.-Ing. habil.\r\n<em>Direktor des Instituts f\u00fcr Leichtbau und Kunststofftechnik der TU Dresden<\/em>\r\nBegr\u00fc\u00dfung und Einf\u00fchrung<\/td>\r\n<\/tr>\r\n<tr valign=\"TOP\">\r\n<td valign=\"BASELINE\">10:10<\/td>\r\n<td><strong>Biedenkopf<\/strong>, Kurt, Prof. Dr.\r\n<em>Gr\u00fcndungspr\u00e4sident der Dresden International University<\/em>\r\nGru\u00dfwort<\/td>\r\n<\/tr>\r\n<tr valign=\"TOP\">\r\n<td valign=\"BASELINE\">10:20<\/td>\r\n<td>Staatssekret\u00e4rin <strong>Fischer<\/strong>, Andrea\r\n<em>S\u00e4chsisches Staatsministerium f\u00fcr Wirtschaft und Arbeit<\/em>\r\nGru\u00dfwort<\/td>\r\n<\/tr>\r\n<tr valign=\"TOP\">\r\n<td valign=\"BASELINE\">10:30<\/td>\r\n<td><strong>Mehlhorn<\/strong>, Achim, Prof. Dr.-Ing. habil.\r\n<em>Rektor der TU Dresden\r\n<\/em>Gru\u00dfwort<\/td>\r\n<\/tr>\r\n<tr>\r\n<td valign=\"BASELINE\">10:40<\/td>\r\n<td><strong>Schwich<\/strong>, Volker, Dr.-Ing.\r\n<em>Mitglied des Vorstandes der Salzgitter AG <\/em>\r\nVernetzte Produktentwicklung im Salzgitter-Konzern<\/td>\r\n<\/tr>\r\n<tr valign=\"TOP\">\r\n<td valign=\"BASELINE\">11:15<\/td>\r\n<td><strong>Claussen<\/strong>, Peter, Dipl.-Ing.\r\n<em>BMW AG, Leiter Werk Leipzig\r\n<\/em>BMW in Leipzig \u2013 Etablierung eines Standorts im Netzwerk eines internationalen Konzerns<\/td>\r\n<\/tr>\r\n<tr valign=\"TOP\">\r\n<td valign=\"BASELINE\">11:50<\/td>\r\n<td valign=\"TOP\"><strong>Haldenwanger<\/strong>, Hans-G\u00fcnther, Prof. Dr.-Ing.\r\n<em>AUDI AG, Ingolstadt<\/em>\r\n<em>Leiter Werkstoffe\/Verfahren\/Recycling<\/em>\r\nFahrzeugleichtbaukonzepte \u2013 eine interdisziplin\u00e4re Vernetzung von Prozessschritten bereits in der Konzeptphase der Produktentwicklung<\/td>\r\n<\/tr>\r\n<tr>\r\n<td>12:25<\/td>\r\n<td>Mittagspause<\/td>\r\n<\/tr>\r\n<tr valign=\"TOP\">\r\n<td valign=\"BASELINE\">13:50<\/td>\r\n<td><strong>Freytag<\/strong><sup>*<\/sup>, Peter, Dipl.-Ing.; Schulz<sup>+<\/sup>, Robert, Dipl.-Ing.\r\n<sup>* <\/sup>Salzgitter Flachstahl GmbH\r\n<sup>+ <\/sup>Wilhelm Karmann GmbH, Osnabr\u00fcckatlas \u2013 Neue Potentiale f\u00fcr den automobilen Leichtbau in Stahl<\/td>\r\n<\/tr>\r\n<tr valign=\"TOP\">\r\n<td valign=\"BASELINE\">14:20<\/td>\r\n<td valign=\"TOP\"><strong>Oehlschlaeger<\/strong>, Horst, Prof. Dr.-Ing.\r\n<em>VW Nutzfahrzeuge, Wolfsburg<\/em>\r\n<em>Nutzfahrzeugentwicklung\/Leiter Package und Konzepte<\/em>\r\nVirtuelle Fahrzeugentwicklung am Beispiel VW Transporter und VW Touareg<\/td>\r\n<\/tr>\r\n<tr valign=\"TOP\">\r\n<td valign=\"BASELINE\">14:50<\/td>\r\n<td valign=\"TOP\"><strong>Lobach<\/strong>, Heiko, Dipl.-Ing.\r\n<em>ThyssenKrupp Transrapid GmbH, Kassel<\/em>\r\n<em>Leiter Fahrzeuglinien<\/em>\r\nDer Transrapid \u2013 Entwicklung, Struktur, Perspektiven<\/td>\r\n<\/tr>\r\n<tr valign=\"TOP\">\r\n<td valign=\"BASELINE\">15:20<\/td>\r\n<td valign=\"TOP\"><strong>Schmitt<\/strong>, J\u00f6rg, Dr.-Ing.\r\n<em>EvoBus GmbH, Ulm<\/em>\r\n<em>Leiter Betriebsfestigkeit, Versuch Omnibusse<\/em>\r\nLeichtbau und Betriebsfestigkeit bei Omnibussen<\/td>\r\n<\/tr>\r\n<tr valign=\"TOP\">\r\n<td>15:50<\/td>\r\n<td>Kaffeepause<\/td>\r\n<\/tr>\r\n<tr valign=\"TOP\">\r\n<td valign=\"BASELINE\">16:20<\/td>\r\n<td valign=\"TOP\"><strong>Meschut<\/strong>, Gerson, Dr.-Ing.\r\n<em>Volkswagen AG, Wolfsburg<\/em>\r\n<em>Konzern-Forschung<\/em>\r\nZuk\u00fcnftige Werkstoffe und F\u00fcgekonzepte f\u00fcr Automobilstrukturen in Mischbauweise<\/td>\r\n<\/tr>\r\n<tr valign=\"TOP\">\r\n<td valign=\"BASELINE\">16:50<\/td>\r\n<td valign=\"TOP\"><strong>Wagenf\u00fchr<\/strong>, Andr\u00e9, Prof. Dr.-Ing.; Kr\u00f6ppelin, Ulrike, Dr.-Ing.; Pursche, Thomas, Dipl.-Ing.\r\n<em>Institut f\u00fcr Holz- und Papiertechnik der TU Dresden,Professur f\u00fcr Holz- und Faserwerkstofftechnik<\/em>\r\nLeichtbau f\u00fcr Interieur- und M\u00f6belanwendungen<\/td>\r\n<\/tr>\r\n<tr valign=\"TOP\">\r\n<td valign=\"BASELINE\">17:20<\/td>\r\n<td valign=\"TOP\"><strong>Neinhuis<\/strong>, Christoph, Prof. Dr. rer. nat.\r\n<em>Direktor des Botanischen Gartens der TU Dresden<\/em>\r\nLeichtbau in der Natur: Beispiele f\u00fcr optimierte pflanzliche Konstruktionen und Materialverb\u00fcnde<\/td>\r\n<\/tr>\r\n<tr valign=\"TOP\">\r\n<td colspan=\"2\">ca. 17:50 Ende des ersten Veranstaltungstages<\/td>\r\n<\/tr>\r\n<\/tbody>\r\n<\/table>\r\n[\/vc_column_text][\/vc_tta_section][vc_tta_section title=&#8220;27. Juni 2003&#8243; tab_id=&#8220;1521126497374-a1f0b77b-1249&#8243;][vc_column_text]\r\n<table width=\"100%\">\r\n<tbody>\r\n<tr valign=\"BASELINE\">\r\n<td valign=\"BASELINE\">09:00<\/td>\r\n<td><strong>G\u00f6tzke<\/strong>, Frank, Dipl.-Ing.\r\n<em>Bugatti Engineering GmbH, Wolfsburg<\/em>\r\n<em>Leitung Fahrzeugversuch\r\n<\/em>Bugatti Veyron \u2013 mehr als nur ein Automobil<\/td>\r\n<\/tr>\r\n<tr valign=\"BASELINE\">\r\n<td valign=\"BASELINE\">09:30<\/td>\r\n<td valign=\"TOP\"><strong>Brenneis<\/strong>, Hartmut, Dipl.-Ing.\r\n<em>Airbus Deutschland GmbH, Bremen<\/em>\r\n<em> Projektleitung des Projektes IMER<\/em>\r\nGestaltung des Netzwerks Airbus-KMU-Institute zur Entwicklung von F\u00fcgeverfahren f\u00fcr Rumpfintegralstrukturen<\/td>\r\n<\/tr>\r\n<tr valign=\"TOP\">\r\n<td valign=\"BASELINE\">10:00<\/td>\r\n<td valign=\"BASELINE\"><strong>Herrmann<\/strong>, Hans-Georg, Dr.; Mohrdieck, Christian, Dr.\r\n<em>DaimlerChrysler AG, Ulm<\/em>\r\n<em> Forschung&amp;Technologie, Strukturwerkstoffe<\/em>\r\nWerkstoffkonzepte f\u00fcr den automobilen Leichtbau<\/td>\r\n<\/tr>\r\n<tr valign=\"TOP\">\r\n<td valign=\"BASELINE\">10:30<\/td>\r\n<td><strong>Rauer<\/strong><sup>*<\/sup>, J\u00f6rg, Dr.-Ing.; Adam<sup>+<\/sup>, Frank, Dr.-Ing.; Hartmann<sup>*<\/sup>, Hansj\u00f6rg, Dr.-Ing. habil.; Hufenbach<sup>+<\/sup>, Werner, Prof. Dr.-Ing. habil.\r\n<em><sup>* <\/sup>Forschungs- und Qualit\u00e4tszentrum Brandenburg GmbH, Eisenh\u00fcttenstadt<\/em>\r\n<em><sup>+ <\/sup>Institut f\u00fcr Leichtbau und Kunststofftechnik der TU Dresden<\/em>\r\nFiligrane Deckenmodule \u2013 Stahlleichtbau im individuellen Wohnungsbau<\/td>\r\n<\/tr>\r\n<tr valign=\"BASELINE\">\r\n<td valign=\"BASELINE\">11:00<\/td>\r\n<td>Kaffeepause<\/td>\r\n<\/tr>\r\n<tr valign=\"TOP\">\r\n<td>11:30<\/td>\r\n<td><strong>von Zengen<\/strong>, Karl-Heinz, Dipl.-Ing.\r\n<em>Automotive Manager European Aluminium Association, Br\u00fcssel<\/em>\r\nAluminium im Automobil \u2013 Potential und Entwicklungstendenzen<\/td>\r\n<\/tr>\r\n<tr valign=\"TOP\">\r\n<td>12:00<\/td>\r\n<td><strong>Juchmann<\/strong>, Peter, Dr.-Ing.\r\n<em>Gesch\u00e4ftsf\u00fchrer der Salzgitter Magnesium-Technologie<\/em> <em>GmbH\r\n<\/em>Magnesiumblech \u2013 Herausforderung f\u00fcr den Leichtbau<\/td>\r\n<\/tr>\r\n<tr valign=\"TOP\">\r\n<td>12:30<\/td>\r\n<td valign=\"TOP\"><strong>Stich<\/strong><sup>*<\/sup>, Anton, Dr.-Ing.; Celeghini<sup>+<\/sup>, Martino, Dipl.-Ing.; Geiger<sup>+<\/sup>, Manfred, Prof. Dr.-Ing. Dr.-Ing. E. h. mult. Dr. h. c.; Haldenwanger<sup>*<\/sup>, Hans-G\u00fcnther, Prof. Dr.-Ing.\r\n<em><sup>* <\/sup>AUDI AG, Ingolstadt, Werkstoffe\/Verfahren\/Recycling<\/em>\r\n<em><sup>+ <\/sup>Universit\u00e4t Erlangen-N\u00fcrnberg, Lehrstuhl f\u00fcr Fertigungstechnologie<\/em>\r\nInnenhochdruckumformen mit erw\u00e4rmtem Medium \u2013 eine Leichtbautechnologie f\u00fcr die Al- und Mg-Halbzeugumformung<\/td>\r\n<\/tr>\r\n<tr valign=\"TOP\">\r\n<td valign=\"BASELINE\">13:00<\/td>\r\n<td>Mittagspause<\/td>\r\n<\/tr>\r\n<tr valign=\"TOP\">\r\n<td>14:15<\/td>\r\n<td><strong>Langkamp<\/strong>, Albert, Dr.-Ing.; Hufenbach, Werner, Prof. Dr.-Ing. habil.\r\n<em>Institut f\u00fcr Leichtbau und Kunststofftechnik der TU Dresden<\/em>\r\nVerbesserte Versagensmodelle f\u00fcr faser- und textilverst\u00e4rkte Leichtbaustrukturen<\/td>\r\n<\/tr>\r\n<tr valign=\"BASELINE\">\r\n<td valign=\"BASELINE\">14:45<\/td>\r\n<td><strong>Tognini<\/strong><sup>*<\/sup>, Roger, Dr.; Turlach<sup>+<\/sup>, Gerd, Dipl.-Ing.\r\n<em><sup>* <\/sup>icotec AG, Altst\u00e4tten (Schweiz), Leiter Technik, Produktion und Entwicklung<\/em>\r\n<em><sup>+ <\/sup>Gesch\u00e4ftsf\u00fchrer der Beratung Befestigungs- und Werkstofftechnik BVW, Osterode<\/em>\r\nNeuartige h\u00f6chstfeste Befestigungssysteme aus endlosfaserverst\u00e4rkten Verbundwerkstoffen<\/td>\r\n<\/tr>\r\n<tr valign=\"BASELINE\">\r\n<td valign=\"BASELINE\">15:15<\/td>\r\n<td><strong>Conrad<\/strong><em>, Robert, Dr.-Ing.<\/em>\r\n<em>Siemens Dematic AG, M\u00fcnchen\r\n<\/em><em>Electronic Assembly Systems\r\n<\/em>Leichtbau in der Mechatronik \u2013 Der Schl\u00fcssel zum Erfolg<\/td>\r\n<\/tr>\r\n<tr valign=\"TOP\">\r\n<td>15:45<\/td>\r\n<td>Kaffeepause<\/td>\r\n<\/tr>\r\n<tr valign=\"BASELINE\">\r\n<td valign=\"BASELINE\">16:15<\/td>\r\n<td><strong>Grefenstein<\/strong>, Achim, Priv.-Doz. Dr.-Ing.\r\n<em>BASF AG, Ludwigshafen\r\n<\/em><em>Business Unit Styrenic Polymers<\/em>\r\nKarosserieleichtbau durch Folientechnologien<\/td>\r\n<\/tr>\r\n<tr valign=\"TOP\">\r\n<td valign=\"BASELINE\">16:45<\/td>\r\n<td valign=\"TOP\"><strong>Drummer<\/strong>, Dietmar, Dipl.-Ing.; Ehrenstein, Gottfried W., Prof. Dr.-Ing. Dr. h. c.\r\n<em>Universit\u00e4t Erlangen-N\u00fcrnberg, Lehrstuhl f\u00fcr Kunststofftechnik<\/em>\r\nFunktionsintegration mit hochgef\u00fcllten Kunststoffen<\/td>\r\n<\/tr>\r\n<tr>\r\n<td valign=\"BASELINE\">17:15<\/td>\r\n<td valign=\"TOP\"><strong>Christofori<\/strong>, Ralf, Dipl.-Ing.\r\n<em>Gesch\u00e4ftsf\u00fchrer der ENGEL Deutschland GmbH,N\u00fcrnberg<\/em>\r\nSpritzgie\u00dftechnologien und Leichtbau<\/td>\r\n<\/tr>\r\n<tr valign=\"TOP\">\r\n<td valign=\"BASELINE\">17:45<\/td>\r\n<td><strong>Hufenbach<\/strong>, Werner, Prof. Dr.-Ing. habil.\r\nSchlusswort<\/td>\r\n<\/tr>\r\n<\/tbody>\r\n<\/table>\r\n[\/vc_column_text][\/vc_tta_section][vc_tta_section title=&#8220;Rahmenprogramm 2003&#8243; tab_id=&#8220;1521126522592-e98c7d3b-97f8&#8243;][vc_column_text]\r\n<table width=\"100%\" cellpadding=\"5\">\r\n<tbody>\r\n<tr valign=\"BASELINE\">\r\n<td>\r\n<h4>Abendveranstaltungen<\/h4>\r\n<\/td>\r\n<\/tr>\r\n<tr valign=\"BASELINE\">\r\n<td>Mittwoch, 25.06.2003\r\n19:00 Uhr<\/td>\r\n<td>Begr\u00fc\u00dfungsempfang\r\nmit musikalischer Einlage durch \u201eDas Trio\u201c im Institut\r\nf\u00fcr Leichtbau und Kunststofftechnik\r\nHolbeinstr. 3<\/td>\r\n<\/tr>\r\n<tr>\r\n<td valign=\"TOP\">Donnerstag, 26.06.2003\r\n19:30 Uhr<\/td>\r\n<td>Abendveranstaltung auf dem <a href=\"https:\/\/www.saechsische-dampfschiffahrt.de\/\">historischen Raddampfer<\/a> <a href=\"https:\/\/www.saechsische-dampfschiffahrt.de\/html\/flottemodelle.htm\">\u201eLeipzig\u201c<\/a>\r\nmit der <a href=\"https:\/\/www.blue-wonder-jazzband.de\/\">Blue Wonder Jazzband<\/a> und Landgang am Schloss Pillnitz\r\nSchiffsanleger am Terrassenufer<\/td>\r\n<\/tr>\r\n<tr valign=\"BASELINE\">\r\n<td>Freitag, 27.06.2003\r\n18:15 Uhr<\/td>\r\n<td>Besichtigung der Dresdner <a href=\"https:\/\/www.intermobil.org\/doris\/net\/stin\/stin_anzeige.xml?kla=stin_sigh_muse&amp;bst=&amp;OID=1227\">Kasematten<\/a>\r\nIn diesen Festungsgew\u00f6lben unter der Br\u00fchlschen Terrasse erfand J. F. B\u00f6ttger das europ\u00e4ische Porzellan.\r\nGeorg-Treu-Platz<\/td>\r\n<\/tr>\r\n<tr valign=\"BASELINE\">\r\n<td>\r\n<h4>Begleitprogramm<\/h4>\r\n<\/td>\r\n<\/tr>\r\n<tr valign=\"BASELINE\">\r\n<td>Donnerstag, 26.06.2003\r\n13:30 Uhr<\/td>\r\n<td>F\u00fchrung durch das historische Dresden rund um die freiger\u00fcstete Frauenkirche\r\nTreffpunkt: art\u2019otel<\/td>\r\n<\/tr>\r\n<tr valign=\"BASELINE\">\r\n<td>Freitag, 27.06.2003\r\n09:30 Uhr<\/td>\r\n<td>Tagesausflug \u201eS\u00e4chsische Schweiz\u201c\r\nAuf den Spuren der Gr\u00e4fin Cosel zur <a href=\"https:\/\/www.burg-stolpen.de\/\">Burg Stolpen<\/a> und auf die <a href=\"https:\/\/www.saechsische-schweiz-touristik.de\/kurort-rathen\/bastei.html\">Bastei<\/a>\r\nTreffpunkt: art\u2019otel,\r\nKostenbeitrag: 10,00 EUR\/Person<\/td>\r\n<\/tr>\r\n<tr>\r\n<td valign=\"TOP\">Samstag, 28.06.2003\r\n08:00 Uhr<\/td>\r\n<td valign=\"TOP\">Tagesfahrt in die <a href=\"https:\/\/www.prag.cz\/\">\u201eGoldene Stadt\u201c Prag<\/a> (bei gen\u00fcgender Beteiligung)\r\nTreffpunkt: art\u2019otel,\r\nKostenbeitrag: 50,00 EUR\/Person<\/td>\r\n<\/tr>\r\n<\/tbody>\r\n<\/table>\r\n[\/vc_column_text][\/vc_tta_section][\/vc_tta_tabs][\/vc_column][\/vc_row]","protected":false},"excerpt":{"rendered":"<p>[vc_row][vc_column][vc_column_text] Interaktionsfeld Leichtbau \u2013 Effizienzsteigerung durch dichtere Vernetzung \u2013 [\/vc_column_text][\/vc_column][vc_column width=&#8220;1\/2&#8243;][vc_column_text]Die gegenw\u00e4rtige weltwirtschaftliche Situation erhellt in besonderer Weise, dass bei rohstoffarmen L\u00e4ndern wie Deutschland der Wohlstand der Gesellschaft sich im Wesentlichen auf den Fortschritt durch best\u00e4ndige Innovationen gr\u00fcndet. Dieser permanente Innovationszwang gilt durchg\u00e4ngig f\u00fcr Produkte, Verfahren und Dienstleistungen und vollzieht sich in einem hochdynamischen Wettbewerbsprozess. [&hellip;]<\/p>\n","protected":false},"author":4,"featured_media":0,"parent":0,"menu_order":0,"comment_status":"closed","ping_status":"closed","template":"","meta":{"footnotes":""},"_links":{"self":[{"href":"https:\/\/leichtbausymposium.de\/deu\/wp-json\/wp\/v2\/pages\/1165"}],"collection":[{"href":"https:\/\/leichtbausymposium.de\/deu\/wp-json\/wp\/v2\/pages"}],"about":[{"href":"https:\/\/leichtbausymposium.de\/deu\/wp-json\/wp\/v2\/types\/page"}],"author":[{"embeddable":true,"href":"https:\/\/leichtbausymposium.de\/deu\/wp-json\/wp\/v2\/users\/4"}],"replies":[{"embeddable":true,"href":"https:\/\/leichtbausymposium.de\/deu\/wp-json\/wp\/v2\/comments?post=1165"}],"version-history":[{"count":5,"href":"https:\/\/leichtbausymposium.de\/deu\/wp-json\/wp\/v2\/pages\/1165\/revisions"}],"predecessor-version":[{"id":1215,"href":"https:\/\/leichtbausymposium.de\/deu\/wp-json\/wp\/v2\/pages\/1165\/revisions\/1215"}],"wp:attachment":[{"href":"https:\/\/leichtbausymposium.de\/deu\/wp-json\/wp\/v2\/media?parent=1165"}],"curies":[{"name":"wp","href":"https:\/\/api.w.org\/{rel}","templated":true}]}}