{"id":1157,"date":"2018-03-19T12:00:58","date_gmt":"2018-03-19T11:00:58","guid":{"rendered":"http:\/\/leichtbausymposium.de\/deu\/?page_id=1157"},"modified":"2018-03-20T10:03:00","modified_gmt":"2018-03-20T09:03:00","slug":"leichtbausymposium-2005","status":"publish","type":"page","link":"https:\/\/leichtbausymposium.de\/deu\/leichtbausymposium-2005\/","title":{"rendered":"Leichtbausymposium 2005"},"content":{"rendered":"[vc_row][vc_column]<div class=\"section-title \"><h3>09. Internationales Dresdner Leichtbausymposium<\/h3><p>16. bis 17. Juni 2005<\/p><\/div>[vc_column_text]\r\n<h2 style=\"text-align: center;\">Systemleichtbau in Mischbauweise\r\n\u2013 Durchg\u00e4ngigkeit als Erfolgsfaktor \u2013<\/h2>\r\n[\/vc_column_text][\/vc_column][vc_column width=&#8220;1\/2&#8243;][vc_column_text]Das vom Institut f\u00fcr Leichtbau und Kunststofftechnik (ILK) der Technischen Universit\u00e4t Dresden zum neunten Male ausgerichtete Symposium sieht sich als fest etablierte Diskussionsplattform f\u00fcr einen werkstoff- und\u00a0 produkt\u00fcbergreifenden Wissens- und Erfahrungstransfer zwischen Industrie und Hochschule.\r\n\r\nDas diesj\u00e4hrige Motto soll das Potential eines durchg\u00e4ngigen Systemleichtbaus als wesentlicher Faktor im technologischen Wettbewerb insbesondere stark exportabh\u00e4ngiger Branchen wie Automobil-, Maschinen- und Schienenfahrzeugbau sowie Luft- und Raumfahrt herausstellen.\r\n\r\nVor dem Hintergrund weltweit steigender Rohstoffpreise sowie in weiten Teilen klassischer M\u00e4rkte schwachen Wirtschaftswachstums und unsicheren Konsumentenverhaltens bei gleichzeitig steigenden Produktanforderungen r\u00fcckt der effiziente Systemleichtbau in Mischbauweise zunehmend in den Vordergrund. Singul\u00e4re \u201eLeuchtturmbeispiele\u201c des Leichtbaus waren in der Vergangenheit h\u00e4ufig wenig zielf\u00fchrend und zum Teil sogar kontraproduktiv. Heute werden diese meist nur noch aus Marketinggr\u00fcnden eingesetzt.\r\n\r\nF\u00fcr komplexere Leichtbau-Systementwicklungen bedarf es in der Regel eines gut gekn\u00fcpften Netzwerkes wie etwa des Materialforschungsverbundes Dresden (MFD) mit seinen mehr als 1000 Wissenschaftlern, das durchg\u00e4ngig die gesamte Wertsch\u00f6pfungskette abdeckt. Nicht zuletzt daran scheidet sich unter der Vielzahl der in letzter Zeit wie Pilze aus dem Boden geschossenen \u201eLeichtbauer\u201c die Spreu vom Weizen.[\/vc_column_text][\/vc_column][vc_column width=&#8220;1\/2&#8243;][vc_column_text]Systemleichtbau in Mischbauweise ist vielfach schon zum Motor der Entwicklung zukunftsf\u00e4higer Produkte und Dienstleistungen sowie der Erschlie\u00dfung neuer Marktsegmente geworden. Dabei wird die Strategie verfolgt, neben einer gewichtsm\u00e4\u00dfigen Optimierung gleichzeitig die Integration mehrerer Funktionen vorzunehmen, was sich f\u00fcr den Anwender in der Regel auch in einem besseren Kosten-Nutzen-Verh\u00e4ltnis niederschl\u00e4gt. Der erzeugnisgerechten Kombination unterschiedlicher Werkstoffe, Herstellungstechnologien, F\u00fcgetechniken und Bauweisen kommt hier besonderer Stellenwert zu, und die Definition von Schnittstellen zwischen den Finalproduzenten und den Zulieferern als Systemanbieter gewinnt weiter an Bedeutung.\r\n\r\nDie Komplexit\u00e4t optimaler Leichtbau-Systementwicklungen bedingt ein Team entsprechend gut ausgebildeter Mitarbeiter mit soliden Grundlagenkenntnissen und starker Anwendungsorientierung, die sich \u00fcber ihr spezifisches Arbeitsgebiet hinaus auch in der Breite auskennen. Damit f\u00e4llt den Universit\u00e4ten als St\u00e4tten von Forschung und Lehre besondere Verantwortung zu. F\u00fcr die einschl\u00e4gigen Institute erfordert dies gleichzeitig eine noch intensivere Profilbildung mit entsprechenden\r\nAlleinstellungsmerkmalen, um als kompetenter Partner der Industrie auch international wettbewerbsf\u00e4hig zu bleiben.\r\n\r\nZur Intensivierung einer zukunftsorientierten Zusammenarbeit von Entwicklungsingenieuren und Experten aus Industrie und Forschung soll das diesj\u00e4hrige neunte Dresdner Leichtbausymposium als Branchentreff der Leichtbauer durch Erfahrungsaustausch und Diskussion sowohl des aktuellen Technikstandes als auch der Perspektiven moderner Mischbauweisen beitragen.\r\n\r\n<address>Prof. Dr.-Ing. habil. Prof. E.h. Dr. h.c. Werner A. Hufenbach<\/address>[\/vc_column_text][\/vc_column][vc_column][vc_column_text]\r\n<h2 style=\"text-align: center;\">Programm 2005<\/h2>\r\n[\/vc_column_text][vc_tta_tabs active_section=&#8220;1&#8243; css=&#8220;.vc_custom_1521452666633{margin-bottom: 30px !important;}&#8220;][vc_tta_section title=&#8220;16. Juni 2005&#8243; tab_id=&#8220;1521126497356-c4d79f23-8a9d&#8220;][vc_column_text]\r\n<table width=\"100%\">\r\n<tbody>\r\n<tr valign=\"BASELINE\">\r\n<td valign=\"BASELINE\">10:00<\/td>\r\n<td valign=\"TOP\"><strong>Hufenbach<\/strong>, Werner, Prof. Dr.-Ing. habil.\r\n<em>Direktor des Instituts f\u00fcr Leichtbau und Kunststofftechnik<\/em> <em>der TU Dresden<\/em>\r\nBegr\u00fc\u00dfung und Einf\u00fchrung<\/td>\r\n<\/tr>\r\n<tr valign=\"TOP\">\r\n<td valign=\"BASELINE\">10:15<\/td>\r\n<td><strong>Marquardt<\/strong>, Hans-Georg, Prof. Dr.-Ing. habil.\r\n<em>Prorektor f\u00fcr Universit\u00e4tsplanung der TU Dresden<\/em>\r\nGru\u00dfwort<\/td>\r\n<\/tr>\r\n<tr>\r\n<td valign=\"BASELINE\">10:30<\/td>\r\n<td><strong>Kirchgeorg<\/strong>, Manfred, Prof. Dr.\r\n<em>Prorektor der Handelshochschule Leipzig GmbH<\/em>\r\nAutomotive Cluster Ostdeutschland \u2013 Verbundinitiative neuer Generation<\/td>\r\n<\/tr>\r\n<tr valign=\"TOP\">\r\n<td valign=\"BASELINE\">11:00<\/td>\r\n<td><strong>Rohkamm<\/strong>, Eckhard, Prof. Dr.-Ing.\r\n<em>Pr\u00e4sident des Ostasiatischen Vereins e.V. Hamburg<\/em>\r\nNetzwerkbildung in Ostasien \u2013 Chancen und Risiken f\u00fcr die deutsche Wirtschaft<\/td>\r\n<\/tr>\r\n<tr valign=\"TOP\">\r\n<td valign=\"BASELINE\">11:30<\/td>\r\n<td valign=\"TOP\"><strong>Post<\/strong>, Alfred\r\n<em>Kanzler der TU Dresden\r\n<\/em>Stiftungsuniversit\u00e4t \u2013 Ein Zukunftsmodell f\u00fcr die Partnerschaft von Wissenschaft und Wirtschaft<\/td>\r\n<\/tr>\r\n<tr>\r\n<td>12:00<\/td>\r\n<td>Mittagspause<\/td>\r\n<\/tr>\r\n<tr valign=\"TOP\">\r\n<td valign=\"BASELINE\">13:00<\/td>\r\n<td><strong>M\u00fcller<\/strong>, Steffen, Dipl.-Ing.; Koglin, Klaus, Dr.-Ing.\r\n<em>AUDI AG, Ingolstadt<\/em>\r\n<em>Technologie-Entwicklung<\/em>\r\nTechnologiegerechte Leichtbaukonzepte f\u00fcr den modernen Fahrzeugbau<\/td>\r\n<\/tr>\r\n<tr valign=\"TOP\">\r\n<td valign=\"BASELINE\">13:30<\/td>\r\n<td valign=\"TOP\"><strong>H\u00f6schl<\/strong>, Michael, Dr.\r\n<em>BMW AG, Landshut<\/em>\r\n<em>Leiter Planung Leichtmetallgie\u00dferei<\/em>\r\nDas BMW-Magnesium-Aluminium-Verbundkurbelgeh\u00e4use<\/td>\r\n<\/tr>\r\n<tr valign=\"BASELINE\">\r\n<td valign=\"BASELINE\">14:00<\/td>\r\n<td><strong>Bacher<\/strong>, Dietmar, Dipl.-Ing.\r\n<em>DaimlerChrysler Ludwigsfelde GmbH<\/em>\r\n<em>Centerleitung Produktion<\/em>\r\nKonzeptioneller Systemleichtbau am Beispiel des MB-Transporters Vito<\/td>\r\n<\/tr>\r\n<tr valign=\"TOP\">\r\n<td valign=\"BASELINE\">14:30<\/td>\r\n<td valign=\"TOP\"><strong>Hillmann<\/strong>, J\u00fcrgen, Dr.-Ing.; Welsch, Frank, Dr.-Ing.\r\n<em>Volkswagen AG, Wolfsburg<\/em>\r\n<em>Karosserie-Entwicklung PKW<\/em>\r\nInnovativer Leichtbau mit warmgeformten St\u00e4hlen am Beispiel des VW Passats<\/td>\r\n<\/tr>\r\n<tr valign=\"TOP\">\r\n<td valign=\"BASELINE\">15:00<\/td>\r\n<td valign=\"TOP\"><strong>Anderseck<\/strong>, Ralf, Dipl.-Ing.; Krause, Karl-Friedrich, Dr.-Ing.\r\n<em>Visteon Holdings GmbH, Kerpen<\/em>\r\nDesign und Leichtbau \u2013 eine Partnerschaft<\/td>\r\n<\/tr>\r\n<tr valign=\"TOP\">\r\n<td>15:30<\/td>\r\n<td>Kaffeepause<\/td>\r\n<\/tr>\r\n<tr valign=\"TOP\">\r\n<td valign=\"BASELINE\">16:00<\/td>\r\n<td valign=\"TOP\"><strong>Haldenwanger<\/strong>, Hans-G\u00fcnther, Prof. Dr.-Ing.\r\n<em>Ingolstadt<\/em>\r\nSystemintegrative Leichtbaul\u00f6sungen mit Faser-Verbund-Kunststoffen in der Automobiltechnik \u2013 Historie oder Zukunft f\u00fcr einen erfolgreichen Serieneinsatz<\/td>\r\n<\/tr>\r\n<tr valign=\"TOP\">\r\n<td valign=\"BASELINE\">16:30<\/td>\r\n<td valign=\"TOP\"><strong>Kawalla<\/strong>, Rudolf, Prof. Dr.-Ing.\r\n<em>Direktor des Instituts f\u00fcr Metallformung der TU Bergakademie Freiberg<\/em>\r\nMagnesiumblechherstellung \u2013 Stand und Perspektiven<\/td>\r\n<\/tr>\r\n<tr valign=\"TOP\">\r\n<td valign=\"BASELINE\">17:00<\/td>\r\n<td valign=\"TOP\"><strong>Gorges<\/strong>, Dirk, Dipl.-Wirtsch.-Ing.\r\n<em>D\u00fcrr Systems GmbH, Stuttgart<\/em>\r\n<em>Mitglied der Gesch\u00e4ftsleitung<\/em>\r\nFASTplant \u2013 Die modulare Endmontagefabrik<\/td>\r\n<\/tr>\r\n<tr valign=\"TOP\">\r\n<td valign=\"BASELINE\">17:30<\/td>\r\n<td valign=\"TOP\"><strong>Deu\u00dfen<\/strong><sup>*<\/sup>, Andreas, Prof. Dr. med. habil.; Dieterich<sup>+<\/sup>, Peter, Dr. rer. nat.\r\n<em><sup>* <\/sup>Direktor des Instituts f\u00fcr Physiologie der TU Dresden<\/em>\r\n<em><sup>+ <\/sup>IT-Koordinator der Medizinischen Fakult\u00e4t \u201eCarl Gustav Carus\u201c der TU Dresden<\/em>\r\nFunktioneller Leichtbau durch Strukturadaption bei biologischen Systemen<\/td>\r\n<\/tr>\r\n<tr valign=\"TOP\">\r\n<td colspan=\"2\">ca. 18:00 Ende des ersten Veranstaltungstages<\/td>\r\n<\/tr>\r\n<\/tbody>\r\n<\/table>\r\n[\/vc_column_text][\/vc_tta_section][vc_tta_section title=&#8220;17. Juni 2005&#8243; tab_id=&#8220;1521126497374-a1f0b77b-1249&#8243;][vc_column_text]\r\n<table width=\"100%\">\r\n<tbody>\r\n<tr valign=\"BASELINE\">\r\n<td valign=\"BASELINE\">09:00<\/td>\r\n<td><strong>F\u00fcssel<\/strong>, Uwe, Prof. Dr.-Ing. habil.\r\n<em>Institut f\u00fcr Produktionstechnik der TU Dresden<\/em>\r\n<em>Professur F\u00fcgetechnik und Montage<\/em>\r\nF\u00fcgbarkeit \u2013 Systeml\u00f6sungen bei Mischbauweisen<\/td>\r\n<\/tr>\r\n<tr valign=\"BASELINE\">\r\n<td>09:30<\/td>\r\n<td><strong>Tognini<\/strong><sup>*<\/sup>, Roger, Dr. sc. techn.; Turlach<sup>+<\/sup>,\r\nGerhard, Dipl.-Ing.\r\n<em><sup>* <\/sup>Leiter Technik, Produktion und Entwicklung, Icotec AG, Altst\u00e4tten (Schweiz)<\/em>\r\n<em><sup>+ <\/sup>Gesch\u00e4ftsf\u00fchrer, Beratung Befestigungs-und Werkstofftechnik BVW, Osterode<\/em>\r\nHochfeste und h\u00f6chstfeste Verbindungselemente im Leichtbau \u2013 Vergleich FKV und metallische Werkstoffe<\/td>\r\n<\/tr>\r\n<tr valign=\"TOP\">\r\n<td valign=\"BASELINE\">10:00<\/td>\r\n<td valign=\"BASELINE\"><strong>Winter<\/strong>, Hannes, Dipl.-Ing.; M\u00f6ckel, Andreas, Dipl.-Ing.; Hocher, Ulrich, Dipl.-Ing.\r\n<em>ThyssenKrupp Drauz Nothelfer GmbH, Heilbronn<\/em>\r\nUmform- und f\u00fcgetechnische Erfahrungen im Karosserieleichtbau<\/td>\r\n<\/tr>\r\n<tr valign=\"TOP\">\r\n<td valign=\"BASELINE\">10:30<\/td>\r\n<td>Kaffeepause<\/td>\r\n<\/tr>\r\n<tr valign=\"BASELINE\">\r\n<td valign=\"BASELINE\">11:00<\/td>\r\n<td valign=\"TOP\"><strong>Mertens<\/strong>, Oliver, Dipl.-Ing.; Kibben, Martin, Dipl.-Ing.\r\n<em>ThyssenKrupp Stahl AG, Duisburg<\/em>\r\n<em>Anwendungstechnik<\/em>\r\nOptimierter Ziehbiegeprozess durch diskontinuierliches Nachschieben<\/td>\r\n<\/tr>\r\n<tr>\r\n<td valign=\"BASELINE\">11:30<\/td>\r\n<td valign=\"TOP\"><strong>Hauger<\/strong>, Andreas, Dr.-Ing.\r\n<em>Muhr und Bender KG, Attendorn<\/em>\r\n<em>Leiter Gesch\u00e4ftseinheit Flexibles Walzen<\/em>\r\nFlexibles Walzen von Tailor Rolled Blanks \u2013 eine innovative Technologie des automobilen Leichtbaus<\/td>\r\n<\/tr>\r\n<tr valign=\"TOP\">\r\n<td>12:00<\/td>\r\n<td><strong>Behrens<\/strong>, Bernd-Arno, Prof. Dr.-Ing.\r\n<em>Direktor des Instituts f\u00fcr Umformtechnik und Umformmaschinen der Universit\u00e4t Hannover<\/em>\r\nUmformen schwer verformbarer Aluminiumlegierungen unterAusnutzung des mittleren hydrostatischen Druckes<\/td>\r\n<\/tr>\r\n<tr valign=\"TOP\">\r\n<td>12:30<\/td>\r\n<td>Mittagspause<\/td>\r\n<\/tr>\r\n<tr valign=\"TOP\">\r\n<td valign=\"BASELINE\">13:30<\/td>\r\n<td valign=\"TOP\"><strong>B\u00fctje<\/strong>, Rolf, Dr.-Ing.; Schouten, Marinus, Dipl.-Ing.\r\n<em>EADS Deustchland GmbH<\/em>\r\nTextile Fertigung von Leichtbaukomponenten in der Luftfahrt<\/td>\r\n<\/tr>\r\n<tr valign=\"TOP\">\r\n<td>14:00<\/td>\r\n<td><strong>B\u00fcthe<\/strong>, Ingolf, Dr.\r\n<em>BASF AG, Ludwigshafen<\/em>\r\n<em>Senior Vice President<\/em>\r\nNeuartige Kunststoff-Metall-Hybride f\u00fcr Automotivanwendungen<\/td>\r\n<\/tr>\r\n<tr valign=\"BASELINE\">\r\n<td valign=\"BASELINE\">14:30<\/td>\r\n<td><strong>Huschens<\/strong>, Rainer, Dr.\r\n<em>Peguform GmbH, B\u00f6tzingen<\/em>\r\n<em>Advanced Development Exterieur<\/em>\r\nKonzept einer Automobil-Heckklappe in Kunststoff-Metall-Hybridtechnik<\/td>\r\n<\/tr>\r\n<tr valign=\"TOP\">\r\n<td>15:00<\/td>\r\n<td>Kaffeepause<\/td>\r\n<\/tr>\r\n<tr valign=\"TOP\">\r\n<td valign=\"BASELINE\">15:30<\/td>\r\n<td valign=\"TOP\"><strong>Gr\u00fcber<\/strong>, Bernd, Dr.-Ing.; Hufenbach, Werner, Prof. Dr.-Ing. habil.\r\n<em>Institut f\u00fcr Leichtbau und Kunststofftechnik der TU Dresden<\/em>\r\nNeue Berechnungsverfahren zur Kerbspannungsanalyse anisotroper Mehrschichtverbundstrukturen mit elastischen Einschl\u00fcssen<\/td>\r\n<\/tr>\r\n<tr valign=\"BASELINE\">\r\n<td valign=\"BASELINE\">16:00<\/td>\r\n<td><strong>Schwalbe<\/strong>, Karl-Heinz, Prof.\r\n<em>GKSS Forschungszentrum Geesthacht<\/em>\r\n<em>Institut f\u00fcr Werkstoffforschung<\/em>\r\nBruchmechanische Beurteilung der Tragf\u00e4higkeit von Leichtbaustrukturen<\/td>\r\n<\/tr>\r\n<tr>\r\n<td valign=\"BASELINE\">16:30<\/td>\r\n<td valign=\"TOP\"><strong>Brenneis<\/strong>, Hartmut, Dipl.-Ing.\r\n<em>Airbus Deutschland GmbH, Bremen<\/em>\r\nMischbauweisen im Flugzeugbau \u2013 Entwicklungs- und Fertigungskonzepte<\/td>\r\n<\/tr>\r\n<tr>\r\n<td valign=\"BASELINE\">17:00<\/td>\r\n<td valign=\"TOP\"><strong>Schaper<\/strong>, Michael, Prof. Dr. rer. nat.\r\n<em>Professur f\u00fcr Werkstoffzuverl\u00e4ssigkeit, Institut f\u00fcr Werkstoffwissenschaft der TU Dresden<\/em>\r\nBruchmechanische Lebensdauerbewertung im Leichtbau<\/td>\r\n<\/tr>\r\n<tr valign=\"TOP\">\r\n<td valign=\"BASELINE\">17:30<\/td>\r\n<td><strong>Hufenbach<\/strong>, Werner, Prof. Dr.-Ing. habil.\r\nSchlusswort<\/td>\r\n<\/tr>\r\n<\/tbody>\r\n<\/table>\r\nSonnabend, 18.06.2005\r\n<table width=\"100%\">\r\n<tbody>\r\n<tr valign=\"TOP\">\r\n<td>08:15<\/td>\r\n<td width=\"100%\">Exkursion zum Porsche-Werk Leipzig\r\n(Fertigung Porsche Cayenne, Carrera GT)<\/td>\r\n<\/tr>\r\n<\/tbody>\r\n<\/table>\r\n<h4>Posterausstellung\/Exponate\r\n16. \u2013 17.06.2005\r\nim Foyer der Kunsthalle<\/h4>\r\n[\/vc_column_text][\/vc_tta_section][vc_tta_section title=&#8220;Rahmenprogramm 2005&#8243; tab_id=&#8220;1521126522592-e98c7d3b-97f8&#8243;][vc_column_text]\r\n<h4>Abendveranstaltungen<\/h4>\r\n<table width=\"100%\" cellpadding=\"5\">\r\n<tbody>\r\n<tr valign=\"BASELINE\">\r\n<td><strong>Mittwoch, 15.06.2005<\/strong>\r\n19:00 Uhr<\/td>\r\n<td><strong>Begr\u00fc\u00dfungsempfang<\/strong>\r\nmit dem <a href=\"https:\/\/www.hofnarr-froelich.de\/\">\u201eHofnarr Fr\u00f6lich\u201c<\/a> im Institut f\u00fcr Leichtbau und Kunststofftechnik\r\nVersuchshalle Marschnerstr. 30<\/td>\r\n<\/tr>\r\n<tr>\r\n<td valign=\"TOP\"><strong>Donnerstag, 16.06.2005<\/strong>\r\n19:45 Uhr<\/td>\r\n<td>Abendveranstaltung auf dem <a href=\"https:\/\/www.saechsische-dampfschiffahrt.de\/\">historischen Raddampfer<\/a> <a href=\"https:\/\/www.saechsische-dampfschiffahrt.de\/index11.html\">\u201eLeipzig\u201c<\/a>\r\nmit der <a href=\"https:\/\/www.blue-wonder-jazzband.de\/\">Blue Wonder Jazzband<\/a> und Landgang am <a href=\"https:\/\/www.schloesser-dresden.de\/pillnitz\/index.html\">Schloss Pillnitz<\/a>\r\nSchiffsanleger am Terrassenufer<\/td>\r\n<\/tr>\r\n<tr valign=\"BASELINE\">\r\n<td><strong>Freitag, 17.06.2005<\/strong>\r\n19:00 Uhr<\/td>\r\n<td>Besteigung der <a href=\"https:\/\/www.frauenkirche-dresden.org\/\">Frauenkirchenkuppel<\/a>\r\nAn der Frauenkirche<\/td>\r\n<\/tr>\r\n<tr valign=\"BASELINE\">\r\n<td>\r\n<h4>Begleitprogramm<\/h4>\r\n<\/td>\r\n<\/tr>\r\n<tr valign=\"BASELINE\">\r\n<td><strong>Donnerstag, 16.06.2005<\/strong>\r\n13:30 Uhr<\/td>\r\n<td>Stadtrundgang\r\nmit Besichtigung des rekonstruierten <a href=\"https:\/\/www.skd-dresden.de\/de\/museen\/gruenes_gewoelbe.html\">\u201eGr\u00fcnen Gew\u00f6lbes\u201c<\/a> im Stadtschloss\r\nTreffpunkt: art\u2019otel<\/td>\r\n<\/tr>\r\n<tr valign=\"BASELINE\">\r\n<td><strong>Freitag, 17.06.2005<\/strong>\r\n09:00 Uhr<\/td>\r\n<td>Tagesausflug zur <a href=\"https:\/\/www.festung-koenigstein.de\/\">Festung K\u00f6nigstein<\/a>\r\nund in die S\u00e4chsiche Schweiz\r\nTreffpunkt: art\u2019otel<\/td>\r\n<\/tr>\r\n<tr>\r\n<td valign=\"TOP\"><strong>Samstag, 18.06.2005<\/strong>\r\n14:00 Uhr<\/td>\r\n<td valign=\"TOP\">Jahreshauptversammlung des <a href=\"https:\/\/www.ac-leichtbau.de\/\">Akademischen Clubs Leichtbau an der TU Dresden e. V.<\/a>\r\nInstitut f\u00fcr Leichtbau und Kunststofftechnik,\r\nHolbeinstr. 3<\/td>\r\n<\/tr>\r\n<\/tbody>\r\n<\/table>\r\n[\/vc_column_text][\/vc_tta_section][\/vc_tta_tabs][\/vc_column][\/vc_row]","protected":false},"excerpt":{"rendered":"<p>[vc_row][vc_column][vc_column_text] Systemleichtbau in Mischbauweise \u2013 Durchg\u00e4ngigkeit als Erfolgsfaktor \u2013 [\/vc_column_text][\/vc_column][vc_column width=&#8220;1\/2&#8243;][vc_column_text]Das vom Institut f\u00fcr Leichtbau und Kunststofftechnik (ILK) der Technischen Universit\u00e4t Dresden zum neunten Male ausgerichtete Symposium sieht sich als fest etablierte Diskussionsplattform f\u00fcr einen werkstoff- und\u00a0 produkt\u00fcbergreifenden Wissens- und Erfahrungstransfer zwischen Industrie und Hochschule. Das diesj\u00e4hrige Motto soll das Potential eines durchg\u00e4ngigen Systemleichtbaus als [&hellip;]<\/p>\n","protected":false},"author":4,"featured_media":0,"parent":0,"menu_order":0,"comment_status":"closed","ping_status":"closed","template":"","meta":{"footnotes":""},"_links":{"self":[{"href":"https:\/\/leichtbausymposium.de\/deu\/wp-json\/wp\/v2\/pages\/1157"}],"collection":[{"href":"https:\/\/leichtbausymposium.de\/deu\/wp-json\/wp\/v2\/pages"}],"about":[{"href":"https:\/\/leichtbausymposium.de\/deu\/wp-json\/wp\/v2\/types\/page"}],"author":[{"embeddable":true,"href":"https:\/\/leichtbausymposium.de\/deu\/wp-json\/wp\/v2\/users\/4"}],"replies":[{"embeddable":true,"href":"https:\/\/leichtbausymposium.de\/deu\/wp-json\/wp\/v2\/comments?post=1157"}],"version-history":[{"count":3,"href":"https:\/\/leichtbausymposium.de\/deu\/wp-json\/wp\/v2\/pages\/1157\/revisions"}],"predecessor-version":[{"id":1213,"href":"https:\/\/leichtbausymposium.de\/deu\/wp-json\/wp\/v2\/pages\/1157\/revisions\/1213"}],"wp:attachment":[{"href":"https:\/\/leichtbausymposium.de\/deu\/wp-json\/wp\/v2\/media?parent=1157"}],"curies":[{"name":"wp","href":"https:\/\/api.w.org\/{rel}","templated":true}]}}