{"id":1119,"date":"2018-03-19T11:19:33","date_gmt":"2018-03-19T10:19:33","guid":{"rendered":"http:\/\/leichtbausymposium.de\/deu\/?page_id=1119"},"modified":"2018-03-20T10:03:34","modified_gmt":"2018-03-20T09:03:34","slug":"leichtbausymposium-2008","status":"publish","type":"page","link":"https:\/\/leichtbausymposium.de\/deu\/leichtbausymposium-2008\/","title":{"rendered":"Leichtbausymposium 2008"},"content":{"rendered":"[vc_row][vc_column]<div class=\"section-title \"><h3>12. Internationales Dresdner Leichtbausymposium<\/h3><p>12. bis 13. Juni 2008<\/p><\/div>[vc_column_text]\r\n<h2 style=\"text-align: center;\">Innovationsquelle Leichtbau\r\n\u2013 Vorreiter bei der Energieeinsparung \u2013<\/h2>\r\n[\/vc_column_text][\/vc_column][vc_column width=&#8220;1\/2&#8243;][vc_column_text]\r\n<p align=\"justify\">Der Klimawandel ist eine der gr\u00f6\u00dften Herausforderungen unserer Zeit. Weil \u00fcberdies die fossilen Rohstoffvorr\u00e4te endlich sind, stellt die Entwicklung ressourceneffizienter Produkte und Prozesse eine (\u00fcber)lebenswichtige Notwendigkeit dar.<\/p>\r\n<p align=\"justify\">Der Leichtbau \u00fcbernimmt hier eine Vorreiterrolle, denn die Symbiose der leichtbauinh\u00e4renten Materialeffizienz und der Ressourcenschonung w\u00e4hrend des gesamten Lebenszyklusses f\u00fchrt zielgerichtet zu einer nachhaltigen Emissionsminderung. Die Automobilindustrie hat sich diesen Herausforderungen bereits fr\u00fchzeitig gestellt, und OEMs wie Zulieferer haben mit entsprechenden F&amp;E-Programmen sichtbar reagiert. Auch andere Branchen haben das oft erhebliche Energiesparpotential von intelligenten Leichtbauprodukten und die damit verbundenen Wettbewerbsvorteile erkannt. Insgesamt werden aber die M\u00f6glichkeiten noch nicht voll ausgesch\u00f6pft.<\/p>\r\n<p align=\"justify\">In diesem Kontext b\u00fcndelt das Dresdner Leichtbausymposium die interdisziplin\u00e4re Kompetenz sowie Kreativit\u00e4t der Tagungs-teilnehmer von Hochschule und Industrie, insbesondere aus dynamischen Branchen wie Automobil-, Maschinen- und Schienenfahrzeugbau sowie Luft- und Raumfahrt. Die etablierte Fachtagung hat die Thematik der Ressourceneffizienz und Nachhaltigkeit bereits im Jahre 2000 in den Mittelpunkt der Diskussion gestellt und seitdem konsequent weiterverfolgt. Sie bietet auch in diesem Jahr eine ausgezeichnete Plattform des branchen\u00fcbergreifenden Erfahrungsaustausches und der synergetischen Ideengenerierung f\u00fcr innovative Leichtbauer aus allen Bereichen der Wertsch\u00f6pfungskette wie Materialien, Konstruktion, Simulation und Fertigung.<\/p>\r\n[\/vc_column_text][\/vc_column][vc_column width=&#8220;1\/2&#8243;][vc_column_text]\r\n<p align=\"justify\">Systemleichtbau in Mischbauweise ist vielfach schon zum Motor der Entwicklung zukunftsf\u00e4higer Produkte sowie der Erschlie\u00dfung neuer Marktsegmente geworden. Dabei wird die Strategie verfolgt, neben einer gewichtsm\u00e4\u00dfigen Optimierung gleichzeitig die Integration mehrerer Funktionen vorzunehmen, was sich f\u00fcr den Anwender in der Regel auch in einem besseren Kosten-Nutzen-Verh\u00e4ltnis niederschl\u00e4gt. Der erzeugnisgerechten Kombination unterschiedlicher Werkstoffe, Herstellungstechnologien, F\u00fcgetechniken und Bauweisen kommt hier besonderer Stellenwert zu.<\/p>\r\n<p align=\"justify\">Das Dresdner Symposium er\u00f6ffnet somit traditionell vielf\u00e4ltige M\u00f6glichkeiten, bisher \u00fcbliche Entwicklungsetappen bei der Erzeugniskonzipierung durch neuartige, werkstoff- und produkt\u00fcbergreifende L\u00f6sungsans\u00e4tze sprunghaft zu verk\u00fcrzen. Antizipative Technologiedemonstratoren k\u00f6nnen dabei Zukunft be\u201cgreif\u201cbar machen. Auch daf\u00fcr sollen beim Dresdner Leichtbausymposium die Weichen gestellt werden.<\/p>\r\n\r\n<address>Prof. Dr.-Ing. habil. Prof. E.h. Dr. h.c. Werner A. Hufenbach<\/address>[\/vc_column_text][\/vc_column][vc_column][vc_column_text]\r\n<h2 style=\"text-align: center;\">Programm 2008<\/h2>\r\n[\/vc_column_text][vc_tta_tabs active_section=&#8220;1&#8243; css=&#8220;.vc_custom_1521452666633{margin-bottom: 30px !important;}&#8220;][vc_tta_section title=&#8220;12. Juni 2008&#8243; tab_id=&#8220;1521126497356-c4d79f23-8a9d&#8220;][vc_column_text]\r\n<table border=\"0\" width=\"100%\" cellspacing=\"3\" cellpadding=\"0\">\r\n<tbody>\r\n<tr>\r\n<td align=\"left\" valign=\"top\" width=\"50\">10:00<\/td>\r\n<td align=\"left\" valign=\"top\"><strong>Hufenbach<\/strong>, Werner, Prof. Dr.-Ing. habil.\r\n<em>Direktor des Instituts f\u00fcr Leichtbau und Kunststofftechnik der TU Dresden\r\n<\/em>Begr\u00fc\u00dfung und Einf\u00fchrung<\/td>\r\n<\/tr>\r\n<tr>\r\n<td align=\"left\" valign=\"top\" width=\"50\">10:10<\/td>\r\n<td align=\"left\" valign=\"top\"><strong>Kokenge<\/strong>, Hermann, Prof.\r\n<em>Rektor der TU Dresden<\/em>\r\nGru\u00dfwort<\/td>\r\n<\/tr>\r\n<tr>\r\n<td align=\"left\" valign=\"top\" width=\"50\">10:20<\/td>\r\n<td align=\"left\" valign=\"top\">Staatsministerin <strong>Stange<\/strong>, Eva-Maria, Dr.\r\n<em>S\u00e4chsisches Staatsministerium f\u00fcr Wissenschaft und Kunst\r\n<\/em>Gru\u00dfwort<\/td>\r\n<\/tr>\r\n<tr>\r\n<td align=\"left\" valign=\"top\" width=\"50\">10:30<\/td>\r\n<td align=\"left\" valign=\"top\"><strong>Winterkorn<\/strong>, Martin, Prof. Dr. rer. nat.; Ludanek, Harald, Dr.-Ing.; Rohde-Brandenburger, K., Dr.-Ing.\r\n<em>Vorsitzender des Vorstandes der Volkswagen AG Wolfsburg<\/em>\r\nCO<sub>2<\/sub>-Reduzierungspotential durch Leichtbau in der Automobilindustrie<\/td>\r\n<\/tr>\r\n<tr>\r\n<td align=\"left\" valign=\"top\" width=\"50\">11:00<\/td>\r\n<td align=\"left\" valign=\"top\"><strong>Ameling<\/strong>, Dieter, Prof. Dr.-Ing.\r\n<em>Pr\u00e4sident der Wirtschaftsvereinigung Stahl a. D., Vorsitzender des Stahlinstituts VDEh a. D., D\u00fcsseldorf<\/em>\r\nRessourceneffizienz \u2013 Stahl ist die L\u00f6sung<\/td>\r\n<\/tr>\r\n<tr>\r\n<td align=\"left\" valign=\"top\" width=\"50\">11:30<\/td>\r\n<td align=\"left\" valign=\"top\"><strong>Orth<\/strong>, Peter, Dr.\r\n<em>Plastics Europe Deutschland e.V., Frankfurt\/M.<\/em>\r\n<em>Hauptgesch\u00e4ftsf\u00fchrer<\/em>\r\nKunststoff \u2013 Werkstoff des 21. Jahrhunderts<\/td>\r\n<\/tr>\r\n<tr>\r\n<td align=\"left\" valign=\"top\" width=\"50\">12:00<\/td>\r\n<td align=\"left\" valign=\"top\">Mittagspause<\/td>\r\n<\/tr>\r\n<tr>\r\n<td align=\"left\" valign=\"top\" width=\"50\">13:00<\/td>\r\n<td align=\"left\" valign=\"top\"><strong>Bacher<\/strong>, Dietmar, Dipl.-Ing.\r\n<em>Gesch\u00e4ftsf\u00fchrer der ACOD GmbH, Ludwigsfelde<\/em>\r\nHerausforderungen und Chancen der ostdeutschen Automobilindustrie zum Thema Leichtbau<\/td>\r\n<\/tr>\r\n<tr>\r\n<td align=\"left\" valign=\"top\" width=\"50\">13:30<\/td>\r\n<td align=\"left\" valign=\"top\"><strong>Goede<\/strong>, Martin, Dr.-Ing.\r\n<em>Volkswagen AG, Wolfsburg, Konzernforschung\r\nLeiter Fahrzeugleichtbau und CO<sub>2<\/sub><\/em>\r\nFortschritte im Fahrzeugleichtbau zur Verbesserung der Energieeffizienz<\/td>\r\n<\/tr>\r\n<tr>\r\n<td align=\"left\" valign=\"top\" width=\"50\">14:00<\/td>\r\n<td align=\"left\" valign=\"top\"><strong>Deinzer<\/strong>, G\u00fcnter, Dipl.-Ing.\r\n<em>Audi AG, Ingolstadt<\/em>\r\n<em> Leiter Werkstofftechnologien und Recycling<\/em>\r\nMaterialeffiziente Mischbauweise im Automobilbau<\/td>\r\n<\/tr>\r\n<tr>\r\n<td align=\"left\" valign=\"top\" width=\"50\">14:30<\/td>\r\n<td align=\"left\" valign=\"top\"><strong>Buchner<\/strong>, Hanno, Dipl.-Ing.\r\n<em>Technologie CFKBMW Group, Landshut<\/em>\r\nErfahrungsbericht \u2013 Serienfertigung von Faserverbundstrukturen am Beispiel des BMW M3 CFK-Daches<\/td>\r\n<\/tr>\r\n<tr>\r\n<td align=\"left\" valign=\"top\" width=\"50\">14:30<\/td>\r\n<td align=\"left\" valign=\"top\">Kaffeepause<\/td>\r\n<\/tr>\r\n<tr>\r\n<td align=\"left\" valign=\"top\" width=\"50\">15:30<\/td>\r\n<td align=\"left\" valign=\"top\"><strong>Pflug<\/strong>, Hans-Christian, Prof. Dr.-Ing.\r\n<em>Daimler AG Stuttgart<\/em>\r\n<em>Truck Product Engineering, Entire Vehicle Concepts<\/em>\r\nLeichtbau \u2013 eine Herausforderung bei der Entwicklung von Lkw<\/td>\r\n<\/tr>\r\n<tr>\r\n<td align=\"left\" valign=\"top\" width=\"50\">16:00<\/td>\r\n<td align=\"left\" valign=\"top\"><strong>Wildhagen<\/strong>, Michael, Dipl.-Ing.\r\n<em>Cargobull AG Altenberge<\/em>\r\n<em>Leiter Konzernproduktabsicherung \/ Versuch und CAESchmitz<\/em>\r\nIntelligenter Leichtbau im Trailerbau \u2013 Spannungsfeld zwischen Kundennutzen und Zuverl\u00e4ssigkeit<\/td>\r\n<\/tr>\r\n<tr>\r\n<td align=\"left\" valign=\"top\" width=\"50\">16:30<\/td>\r\n<td align=\"left\" valign=\"top\"><strong>Ude<\/strong>, J\u00fcrgen, Dr.-Ing.\r\n<em>Gesch\u00e4ftsf\u00fchrer des CCC Creativit\u00e4ts- und Competenz- Centrum Harzgerode<\/em>\r\nWachstumskern Al-Cast \u2013 Herausforderungen und Chancen f\u00fcr die Automobilzulieferindustrie<\/td>\r\n<\/tr>\r\n<tr>\r\n<td align=\"left\" valign=\"top\" width=\"50\">17:00<\/td>\r\n<td align=\"left\" valign=\"top\"><strong>Neinhuis<\/strong>, Christoph, Prof. Dr. rer. nat. habil.\r\n<em>Professur f\u00fcr Botanik und Direktor des Botanischen Gartens der TU Dresden<\/em>\r\nVom Molek\u00fcl zum Bauteil \u2013 B CUBE als neuer Baustein der Materialforschung in Dresden<\/td>\r\n<\/tr>\r\n<tr>\r\n<td align=\"left\" valign=\"top\" width=\"50\">17:30<\/td>\r\n<td align=\"left\" valign=\"top\">Verleihung des Leichtbau-Absolventenpreisesdurch den Akademischen Club Leichtbau an der TU Dresden e.V.<\/td>\r\n<\/tr>\r\n<tr>\r\n<td align=\"left\" valign=\"top\" width=\"50\">18:00<\/td>\r\n<td align=\"left\" valign=\"top\">Ende der ersten Vortragsveranstaltung<\/td>\r\n<\/tr>\r\n<\/tbody>\r\n<\/table>\r\n<h4><strong>Begleitende Fachausstellung in der Kunsthalle des art\u2019otel<\/strong><\/h4>\r\n[\/vc_column_text][\/vc_tta_section][vc_tta_section title=&#8220;13. Juni 2008&#8243; tab_id=&#8220;1521126497374-a1f0b77b-1249&#8243;][vc_column_text]\r\n<table border=\"0\" width=\"100%\" cellspacing=\"3\" cellpadding=\"0\">\r\n<tbody>\r\n<tr>\r\n<td align=\"left\" valign=\"top\" width=\"50\">09:00<\/td>\r\n<td align=\"left\" valign=\"top\"><strong>Brenner<\/strong>, B., Prof. Dr. rer. nat.; Standfu\u00df, J., Dr.; Dittrich, D., Dipl.-Ing. ; Stamm, U., Dipl.-Ing.; Winderlich, B., Dr.\r\n<em>Fraunhofer-Institut f\u00fcr Werkstoff- und Strahltechnik Dresden<\/em>\r\n<em>Abteilungsleiter F\u00fcge- und Randschichttechnologien<\/em>\r\nPerspektiven f\u00fcr den Metallleichtbau in der Fahrzeug- und Luftfahrtindustrie durch fortgeschrittene Laserstrahlschwei\u00dfverfahren<\/td>\r\n<\/tr>\r\n<tr>\r\n<td align=\"left\" valign=\"top\" width=\"50\">09:30<\/td>\r\n<td align=\"left\" valign=\"top\"><strong>Symietz<\/strong>, Detlef, Dr.\r\n<em>Dow Automotive AG, Freienbach\/Schweiz<\/em>\r\nStrukturkleben im modernen Fahrzeugleichtbau: Leistungsf\u00e4hige F\u00fcgetechnik f\u00fcr Metall, Glas und Kunststoff<\/td>\r\n<\/tr>\r\n<tr>\r\n<td align=\"left\" valign=\"top\" width=\"50\">10:00<\/td>\r\n<td align=\"left\" valign=\"top\"><strong>Meschut<\/strong>, Gerson, Dr.-Ing.; Draht, Torsten, Dr.-Ing.\r\n<em>Wilhelm B\u00f6llhoff GmbH &amp; Co. KG, Bielefeld<\/em>\r\n<em>Gesch\u00e4ftsf\u00fchrer Technik\/F&amp;E<\/em>\r\nMechanisches F\u00fcgen \u2013 Schl\u00fcsseltechnologie f\u00fcr den Leichtbau<\/td>\r\n<\/tr>\r\n<tr>\r\n<td align=\"left\" valign=\"top\" width=\"50\">10:30<\/td>\r\n<td align=\"left\" valign=\"top\">Kaffeepause<\/td>\r\n<\/tr>\r\n<tr>\r\n<td align=\"left\" valign=\"top\" width=\"50\">11:00<\/td>\r\n<td align=\"left\" valign=\"top\"><strong>Adam<\/strong>, Henrik, Dr.-Ing.\r\n<em>ThyssenKrupp Steel AG Duisburg<\/em>\r\n<em>Direktor Vertrieb\/Engineering \u2013 Division Auto<\/em>\r\nFortschritte bei der Umsetzung der profilintensiven Stahlleichtbauweise<\/td>\r\n<\/tr>\r\n<tr>\r\n<td align=\"left\" valign=\"top\" width=\"50\">11:30<\/td>\r\n<td align=\"left\" valign=\"top\"><strong>Groche<\/strong>, Peter, Prof. Dr.-Ing. Dipl.-Wirtsch.-Ing.\r\n<em>Leiter des Instituts f\u00fcr Produktionstechnik und Umformmaschinen der TU Darmstadt<\/em>\r\nKaltprofile f\u00fcr den Fahrzeugleichtbau<\/td>\r\n<\/tr>\r\n<tr>\r\n<td align=\"left\" valign=\"top\" width=\"50\">12:00<\/td>\r\n<td align=\"left\" valign=\"top\"><strong>Chlebus<\/strong>, Edward, Prof.\r\n<em>Direktor des Institute of Production Engineering and Automation der Wroclaw University of Technology, Polen<\/em>\r\nTechnologies for manufacturing prototypes (Rapid Prototyping), series of prototypes and short production series (Rapid Tooling)<\/td>\r\n<\/tr>\r\n<tr>\r\n<td align=\"left\" valign=\"top\" width=\"50\">12:30<\/td>\r\n<td align=\"left\" valign=\"top\">Mittagspause<\/td>\r\n<\/tr>\r\n<tr>\r\n<td align=\"left\" valign=\"top\" width=\"50\">13:30<\/td>\r\n<td align=\"left\" valign=\"top\"><strong>Volek<\/strong>, Andreas, Dr.-Ing.\r\n<em>Diehl Stiftung &amp; Co. KG, N\u00fcrnberg<\/em>\r\n<em>Leiter Strategisches Innovationsmanagement<\/em>\r\nAns\u00e4tze zur Serienfertigung von Leichtbau-Formteilen in Magnesium-Spritzgiessverfahren<\/td>\r\n<\/tr>\r\n<tr>\r\n<td align=\"left\" valign=\"top\" width=\"50\">14:00<\/td>\r\n<td align=\"left\" valign=\"top\"><strong>Wagenf\u00fchr<\/strong>, Andr\u00e9, Prof. Dr.-Ing.\r\n<em>Direktor des Instituts f\u00fcr Holz- und Papiertechnik der TU Dresden<\/em>\r\nHochleistungswerkstoffe aus der Natur<\/td>\r\n<\/tr>\r\n<tr>\r\n<td align=\"left\" valign=\"top\" width=\"50\">14:30<\/td>\r\n<td align=\"left\" valign=\"top\"><strong>Reu\u00dfmann<\/strong>, Thomas, Dr.-Ing.; L\u00fctzkendorf, Renate, Dr.-Ing.\r\n<em>Th\u00fcringisches Institut f\u00fcr Textil- und Kunststoff-Forschung e.V., Rudolstadt<\/em>\r\nLeichtbau mit Naturfaserverbundwerkstoffen \u2013 M\u00f6glichkeiten und Grenzen<\/td>\r\n<\/tr>\r\n<tr>\r\n<td align=\"left\" valign=\"top\" width=\"50\">15:00<\/td>\r\n<td align=\"left\" valign=\"top\">Kaffeepause<\/td>\r\n<\/tr>\r\n<tr>\r\n<td align=\"left\" valign=\"top\" width=\"50\">15:30<\/td>\r\n<td align=\"left\" valign=\"top\"><strong>Lepper<\/strong>, Martin, Dr.-Ing.; Hufenbach, Werner, Prof. Dr.-Ing. habil.; Adam, Frank, Dr.-Ing.; Gude, Maik, Dr.-Ing.\r\n<em>Institut f\u00fcr Leichtbau und Kunststofftechnik der TU Dresden<\/em>\r\n<em>Leiter Simulationsverfahren<\/em>\r\nModellierung und Simulation von Kerbspannungseffekten bei hybriden Holz-Textil-Verbunden<\/td>\r\n<\/tr>\r\n<tr>\r\n<td align=\"left\" valign=\"top\" width=\"50\">16:00<\/td>\r\n<td align=\"left\" valign=\"top\"><strong>Neise<\/strong>*, Eckhard, Dr.-Ing.; Phillips\u00b0, Benjamin, Dipl.-Ing.\r\n<em>* Leiter Entwicklung, High-End Engineering GmbH Hamburg<\/em>\r\n<em>\u00b0 Cranfield University, Bedford, Gro\u00dfbritannien<\/em>\r\nMultidisziplin\u00e4re Optimierung eines CFK Fl\u00fcgelpanels<\/td>\r\n<\/tr>\r\n<tr>\r\n<td align=\"left\" valign=\"top\" width=\"50\">16:30<\/td>\r\n<td align=\"left\" valign=\"top\"><strong>Gude<\/strong>, Maik, Dr.-Ing.; Hufenbach, Werner, Prof. Dr.-Ing. habil.\r\n<em>Institut f\u00fcr Leichtbau und Kunststofftechnik der TU Dresden<\/em>\r\n<em>Leitender Wissenschaftler<\/em>\r\nTextile Verbundbauweisen und Fertigungstechnologien f\u00fcr Leichtbaustrukturen des Maschinen- und Fahrzeugbaus (SPP 1123)<\/td>\r\n<\/tr>\r\n<tr>\r\n<td align=\"left\" valign=\"top\" width=\"50\">17:00<\/td>\r\n<td align=\"left\" valign=\"top\"><strong>Hufenbach<\/strong>, Werner, Prof. Dr.-Ing. habil.\r\nSchlusswort<\/td>\r\n<\/tr>\r\n<\/tbody>\r\n<\/table>\r\n[\/vc_column_text][\/vc_tta_section][vc_tta_section title=&#8220;Rahmenprogramm 2008&#8243; tab_id=&#8220;1521126522592-e98c7d3b-97f8&#8243;][vc_column_text]\r\n<table border=\"0\" width=\"100%\" cellspacing=\"3\" cellpadding=\"0\">\r\n<tbody>\r\n<tr>\r\n<td colspan=\"2\" align=\"left\" valign=\"top\">\r\n<h4>MITTWOCH 11.06.2008<\/h4>\r\n<\/td>\r\n<\/tr>\r\n<tr>\r\n<td align=\"left\" valign=\"top\" width=\"50\">19:00<\/td>\r\n<td><strong>Empfang<\/strong> im Leichtbau-Innovationszentrum\r\n(LIZ) des ILK mit der <a href=\"https:\/\/www.tubigband.de\/\" target=\"_blank\" rel=\"noopener\">TU Big-Band Dresden\r\n<\/a><em>D\u00fcrerstra\u00dfe 28<\/em><\/td>\r\n<\/tr>\r\n<\/tbody>\r\n<\/table>\r\n<table border=\"0\" width=\"100%\" cellspacing=\"3\" cellpadding=\"0\">\r\n<tbody>\r\n<tr>\r\n<td colspan=\"2\" align=\"left\" valign=\"top\">\r\n<h4>DONNERSTAG 12.06.2008<\/h4>\r\n<\/td>\r\n<\/tr>\r\n<tr>\r\n<td align=\"left\" valign=\"top\" width=\"50\">13:30<\/td>\r\n<td>F\u00fchrung durch das <a href=\"https:\/\/www.hofloessnitz.de\/\" target=\"_blank\" rel=\"noopener\">Weingutmuseum Hofl\u00f6\u00dfnitz, Radebeul\r\n<\/a><em>Treffpunkt: art\u2019otel<\/em><\/td>\r\n<\/tr>\r\n<tr>\r\n<td align=\"left\" valign=\"top\" width=\"50\">19:45<\/td>\r\n<td><strong>Abendveranstaltung<\/strong> auf dem <a href=\"https:\/\/www.saechsische-dampfschiffahrt.de\/Schaufelraddampfer-3.html\" target=\"_blank\" rel=\"noopener\">historischen Raddampfer \u201eLeipzig\u201c<\/a> mit der <a href=\"https:\/\/www.blue-wonder-jazzband.de\/\" target=\"_blank\" rel=\"noopener\">Blue Wonder Jazzband<\/a> und Landgang am n\u00e4chtlichen <a href=\"https:\/\/www.schloesser-dresden.de\/index.php?entry_id=23\" target=\"_blank\" rel=\"noopener\">Schloss Pillnitz\r\n<\/a><em>Dampferanleger am Terrassenufer<\/em><\/td>\r\n<\/tr>\r\n<\/tbody>\r\n<\/table>\r\n&nbsp;\r\n<table border=\"0\" width=\"100%\" cellspacing=\"3\" cellpadding=\"0\">\r\n<tbody>\r\n<tr>\r\n<td colspan=\"2\" align=\"left\" valign=\"top\">FREITAG 13.06.2008<\/td>\r\n<\/tr>\r\n<tr>\r\n<td align=\"left\" valign=\"top\" width=\"50\">10:00<\/td>\r\n<td>Tagesausflug <a href=\"https:\/\/www.glashuette-original.com\/\" target=\"_blank\" rel=\"noopener\">Glash\u00fctte Original Uhrenmuseum<\/a> und <a href=\"https:\/\/www.barockgarten-grosssedlitz.de\/\" target=\"_blank\" rel=\"noopener\">Barockgarten Gro\u00dfsedlitz\r\n<\/a><em>Treffpunkt: art\u2019otel<\/em><\/td>\r\n<\/tr>\r\n<tr>\r\n<td align=\"left\" valign=\"top\" width=\"50\">19:00<\/td>\r\n<td>F\u00fchrung im <a href=\"https:\/\/www.asisi-factory.de\/Projekte\/PanometerDresden\/1756Dresden.htm\" target=\"_blank\" rel=\"noopener\">Panometer Dresden<\/a><\/td>\r\n<\/tr>\r\n<\/tbody>\r\n<\/table>\r\n<table border=\"0\" width=\"100%\" cellspacing=\"3\" cellpadding=\"0\">\r\n<tbody>\r\n<tr>\r\n<td colspan=\"2\" align=\"left\" valign=\"top\">\r\n<h4>SONNABEND 14.06.2008<\/h4>\r\n<\/td>\r\n<\/tr>\r\n<tr>\r\n<td align=\"left\" valign=\"top\" width=\"50\">10:00<\/td>\r\n<td>Besichtigung von Forschungseinrichtungen des <a href=\"https:\/\/www.mfd-dresden.de\/\" target=\"_blank\" rel=\"noopener\">Materialforschungsverbunds Dresden (MFD) <\/a><\/td>\r\n<\/tr>\r\n<\/tbody>\r\n<\/table>\r\n[\/vc_column_text][\/vc_tta_section][\/vc_tta_tabs][\/vc_column][\/vc_row]","protected":false},"excerpt":{"rendered":"<p>[vc_row][vc_column][vc_column_text] Innovationsquelle Leichtbau \u2013 Vorreiter bei der Energieeinsparung \u2013 [\/vc_column_text][\/vc_column][vc_column width=&#8220;1\/2&#8243;][vc_column_text] Der Klimawandel ist eine der gr\u00f6\u00dften Herausforderungen unserer Zeit. Weil \u00fcberdies die fossilen Rohstoffvorr\u00e4te endlich sind, stellt die Entwicklung ressourceneffizienter Produkte und Prozesse eine (\u00fcber)lebenswichtige Notwendigkeit dar. Der Leichtbau \u00fcbernimmt hier eine Vorreiterrolle, denn die Symbiose der leichtbauinh\u00e4renten Materialeffizienz und der Ressourcenschonung w\u00e4hrend des [&hellip;]<\/p>\n","protected":false},"author":4,"featured_media":0,"parent":0,"menu_order":0,"comment_status":"closed","ping_status":"closed","template":"","meta":{"footnotes":""},"_links":{"self":[{"href":"https:\/\/leichtbausymposium.de\/deu\/wp-json\/wp\/v2\/pages\/1119"}],"collection":[{"href":"https:\/\/leichtbausymposium.de\/deu\/wp-json\/wp\/v2\/pages"}],"about":[{"href":"https:\/\/leichtbausymposium.de\/deu\/wp-json\/wp\/v2\/types\/page"}],"author":[{"embeddable":true,"href":"https:\/\/leichtbausymposium.de\/deu\/wp-json\/wp\/v2\/users\/4"}],"replies":[{"embeddable":true,"href":"https:\/\/leichtbausymposium.de\/deu\/wp-json\/wp\/v2\/comments?post=1119"}],"version-history":[{"count":2,"href":"https:\/\/leichtbausymposium.de\/deu\/wp-json\/wp\/v2\/pages\/1119\/revisions"}],"predecessor-version":[{"id":1210,"href":"https:\/\/leichtbausymposium.de\/deu\/wp-json\/wp\/v2\/pages\/1119\/revisions\/1210"}],"wp:attachment":[{"href":"https:\/\/leichtbausymposium.de\/deu\/wp-json\/wp\/v2\/media?parent=1119"}],"curies":[{"name":"wp","href":"https:\/\/api.w.org\/{rel}","templated":true}]}}